{"id":1086,"date":"2024-12-16T13:20:21","date_gmt":"2024-12-16T13:20:21","guid":{"rendered":"https:\/\/ossp.cm\/?page_id=1086"},"modified":"2024-12-19T07:10:17","modified_gmt":"2024-12-19T07:10:17","slug":"details-de-lapplication","status":"publish","type":"page","link":"https:\/\/ossp.cm\/en\/details-de-lapplication\/","title":{"rendered":"D\u00e9tails de l&rsquo;application"},"content":{"rendered":"<style>.elementor-1086 .elementor-element.elementor-element-706958a0 > .elementor-container{max-width:1240px;}.elementor-1086 .elementor-element.elementor-element-706958a0{padding:20px 0px 40px 0px;}.elementor-1086 .elementor-element.elementor-element-4f954cda:not(.elementor-motion-effects-element-type-background) > .elementor-widget-wrap, .elementor-1086 .elementor-element.elementor-element-4f954cda > .elementor-widget-wrap > .elementor-motion-effects-container > .elementor-motion-effects-layer{background-image:url(\"https:\/\/ossp.cm\/wp-content\/uploads\/2024\/12\/Ossp-application.png\");background-position:0px -165px;background-repeat:no-repeat;background-size:cover;}.elementor-1086 .elementor-element.elementor-element-4f954cda > .elementor-element-populated >  .elementor-background-overlay{background-color:transparent;background-image:linear-gradient(90deg, var( --e-global-color-primary ) 21%, #F2295B00 88%);opacity:0.55;}.elementor-1086 .elementor-element.elementor-element-4f954cda > .elementor-element-populated, .elementor-1086 .elementor-element.elementor-element-4f954cda > .elementor-element-populated > .elementor-background-overlay, .elementor-1086 .elementor-element.elementor-element-4f954cda > .elementor-background-slideshow{border-radius:20px 20px 20px 20px;}.elementor-1086 .elementor-element.elementor-element-4f954cda > .elementor-element-populated{transition:background 0.3s, border 0.3s, border-radius 0.3s, box-shadow 0.3s;margin:0% 0% 0% 0%;--e-column-margin-right:0%;--e-column-margin-left:0%;padding:100px 30px 100px 30px;}.elementor-1086 .elementor-element.elementor-element-4f954cda > .elementor-element-populated > .elementor-background-overlay{transition:background 0.3s, border-radius 0.3s, opacity 0.3s;}.elementor-1086 .elementor-element.elementor-element-4fdef76 .eael-call-to-action.bg-img{background-repeat:no-repeat;background-position:center;background-size:cover;}.elementor-1086 .elementor-element.elementor-element-4fdef76 .eael-call-to-action{max-width:1185px;border-radius:34px;}.elementor-1086 .elementor-element.elementor-element-4fdef76 .eael-call-to-action.cta-preset-2:not(.cta-preset-1){background:#004E7C;}.elementor-1086 .elementor-element.elementor-element-4fdef76 .eael-call-to-action .title:not(.eael-cta-gradient-title){color:#FFFFFF;}.elementor-1086 .elementor-element.elementor-element-4fdef76 .eael-call-to-action .title{font-size:44px;}.elementor-1086 .elementor-element.elementor-element-4fdef76 .eael-call-to-action .sub-title{color:#FFFFFF;font-size:1px;}.elementor-1086 .elementor-element.elementor-element-4fdef76 .eael-call-to-action p{color:#FFFFFF;font-size:1px;}.elementor-1086 .elementor-element.elementor-element-4fdef76 .eael-call-to-action .cta-button{padding:10px 70px 10px 70px;font-size:20px;}.elementor-1086 .elementor-element.elementor-element-4fdef76 .eael-call-to-action.cta-icon-flex .icon{font-size:80px;}.elementor-1086 .elementor-element.elementor-element-4fdef76 .eael-call-to-action.cta-icon-flex .icon img{height:80px;width:80px;}.elementor-1086 .elementor-element.elementor-element-4fdef76 .eael-call-to-action.cta-icon-flex .icon svg{height:80px;width:80px;}.elementor-1086 .elementor-element.elementor-element-79bd304{--spacer-size:0px;}:root{--page-title-display:none;}@media(max-width:1024px){.elementor-1086 .elementor-element.elementor-element-706958a0{padding:20px 20px 40px 20px;}.elementor-1086 .elementor-element.elementor-element-4f954cda:not(.elementor-motion-effects-element-type-background) > .elementor-widget-wrap, .elementor-1086 .elementor-element.elementor-element-4f954cda > .elementor-widget-wrap > .elementor-motion-effects-container > .elementor-motion-effects-layer{background-position:0px 0px;}}@media(max-width:767px){.elementor-1086 .elementor-element.elementor-element-706958a0{padding:20px 10px 40px 10px;}.elementor-1086 .elementor-element.elementor-element-4f954cda:not(.elementor-motion-effects-element-type-background) > .elementor-widget-wrap, .elementor-1086 .elementor-element.elementor-element-4f954cda > .elementor-widget-wrap > .elementor-motion-effects-container > .elementor-motion-effects-layer{background-position:0px 0px;}.elementor-1086 .elementor-element.elementor-element-4f954cda > .elementor-element-populated{padding:38px 20px 38px 20px;}.elementor-1086 .elementor-element.elementor-element-4fdef76 .eael-call-to-action .title{font-size:26px;}.elementor-1086 .elementor-element.elementor-element-4fdef76 .eael-call-to-action .cta-button{padding:8px 45px 8px 45px;}.elementor-1086 .elementor-element.elementor-element-4fdef76{margin:0px 0px calc(var(--kit-widget-spacing, 0px) + 0px) 0px;}}<\/style>\t\t<div data-elementor-type=\"wp-page\" data-elementor-id=\"1086\" class=\"elementor elementor-1086\">\n\t\t\t\t\t\t<section class=\"elementor-section elementor-top-section elementor-element elementor-element-706958a0 elementor-section-boxed elementor-section-height-default elementor-section-height-default\" data-id=\"706958a0\" data-element_type=\"section\" data-e-type=\"section\">\n\t\t\t\t\t\t<div class=\"elementor-container elementor-column-gap-no\">\n\t\t\t\t\t<div class=\"elementor-column elementor-col-100 elementor-top-column elementor-element elementor-element-4f954cda\" data-id=\"4f954cda\" data-element_type=\"column\" data-e-type=\"column\" data-settings=\"{&quot;background_background&quot;:&quot;classic&quot;}\">\n\t\t\t<div class=\"elementor-widget-wrap elementor-element-populated\">\n\t\t\t\t\t<div class=\"elementor-background-overlay\"><\/div>\n\t\t\t\t\t\t<div class=\"elementor-element elementor-element-4fdef76 elementor-widget elementor-widget-eael-cta-box\" data-id=\"4fdef76\" data-element_type=\"widget\" data-e-type=\"widget\" data-widget_type=\"eael-cta-box.default\">\n\t\t\t\t\t\t\t\t\t<div class=\"eael-call-to-action cta-icon-flex bg-lite cta-preset-2\">\n\t    <div class=\"icon\">\n\t\t\t\t\t\t\t<i class=\"jki jki-download-cloud-line\"><\/i>\t    <\/div>\n\t    <div class=\"content\">\n            <h2 class=\"title eael-cta-heading\">T\u00e9l\u00e9charger le guide de candidature<\/h2>\t    <\/div>\n\t    <div class=\"action\">\n            <a href=\"https:\/\/ossp.cm\/wp-content\/uploads\/2024\/12\/ASMI_Appel-a-Projets_DAP_2.docx.pdf\" class=\"cta-button cta-preset-2 cta-btn-preset-1\">Fran\u00e7ais<\/a><a href=\"https:\/\/ossp.cm\/wp-content\/uploads\/2024\/12\/ASMI_DAP_ANGLAIS_1.docx.pdf\" class=\"cta-button cta-secondary-button\">Anglais<\/a>\t    <\/div>\n\t<\/div>\n\t\t\t\t\t\t<\/div>\n\t\t\t\t\t<\/div>\n\t\t<\/div>\n\t\t\t\t\t<\/div>\n\t\t<\/section>\n\t\t\t\t<\/div>","protected":false},"excerpt":{"rendered":"<p>T\u00e9l\u00e9charger le guide de candidature Fran\u00e7aisAnglais<\/p>","protected":false},"author":1,"featured_media":0,"parent":0,"menu_order":0,"comment_status":"closed","ping_status":"closed","template":"elementor_theme","meta":{"footnotes":""},"class_list":["post-1086","page","type-page","status-publish","hentry"],"_links":{"self":[{"href":"https:\/\/ossp.cm\/en\/wp-json\/wp\/v2\/pages\/1086","targetHints":{"allow":["GET"]}}],"collection":[{"href":"https:\/\/ossp.cm\/en\/wp-json\/wp\/v2\/pages"}],"about":[{"href":"https:\/\/ossp.cm\/en\/wp-json\/wp\/v2\/types\/page"}],"author":[{"embeddable":true,"href":"https:\/\/ossp.cm\/en\/wp-json\/wp\/v2\/users\/1"}],"replies":[{"embeddable":true,"href":"https:\/\/ossp.cm\/en\/wp-json\/wp\/v2\/comments?post=1086"}],"version-history":[{"count":109,"href":"https:\/\/ossp.cm\/en\/wp-json\/wp\/v2\/pages\/1086\/revisions"}],"predecessor-version":[{"id":1254,"href":"https:\/\/ossp.cm\/en\/wp-json\/wp\/v2\/pages\/1086\/revisions\/1254"}],"wp:attachment":[{"href":"https:\/\/ossp.cm\/en\/wp-json\/wp\/v2\/media?parent=1086"}],"curies":[{"name":"wp","href":"https:\/\/api.w.org\/{rel}","templated":true}]}}