{"id":1989,"date":"2025-12-12T15:03:43","date_gmt":"2025-12-12T15:03:43","guid":{"rendered":"https:\/\/ossp.cm\/?page_id=1989"},"modified":"2026-01-16T11:24:14","modified_gmt":"2026-01-16T11:24:14","slug":"axe-2","status":"publish","type":"page","link":"https:\/\/ossp.cm\/en\/axe-2\/","title":{"rendered":"Axis 2"},"content":{"rendered":"<div data-elementor-type=\"wp-page\" data-elementor-id=\"1989\" class=\"elementor elementor-1989\">\n\t\t\t\t\t\t<section class=\"elementor-section elementor-top-section elementor-element elementor-element-25ef069 elementor-section-boxed elementor-section-height-default elementor-section-height-default\" data-id=\"25ef069\" data-element_type=\"section\" data-e-type=\"section\">\n\t\t\t\t\t\t<div class=\"elementor-container elementor-column-gap-no\">\n\t\t\t\t\t<div class=\"elementor-column elementor-col-100 elementor-top-column elementor-element elementor-element-2772f32\" data-id=\"2772f32\" data-element_type=\"column\" data-e-type=\"column\" data-settings=\"{&quot;background_background&quot;:&quot;classic&quot;}\">\n\t\t\t<div class=\"elementor-widget-wrap elementor-element-populated\">\n\t\t\t\t\t<div class=\"elementor-background-overlay\"><\/div>\n\t\t\t\t\t\t<div class=\"elementor-element elementor-element-c1a7b98 elementor-widget elementor-widget-heading\" data-id=\"c1a7b98\" data-element_type=\"widget\" data-e-type=\"widget\" data-widget_type=\"heading.default\">\n\t\t\t\t\t<h2 class=\"elementor-heading-title elementor-size-default\">Am\u00e9lioration de la survie des PME et comp\u00e9titivit\u00e9 des entreprises<\/h2>\t\t\t\t<\/div>\n\t\t\t\t\t<\/div>\n\t\t<\/div>\n\t\t\t\t\t<\/div>\n\t\t<\/section>\n\t\t\t\t<section class=\"elementor-section elementor-top-section elementor-element elementor-element-1be3640 elementor-section-boxed elementor-section-height-default elementor-section-height-default\" data-id=\"1be3640\" data-element_type=\"section\" data-e-type=\"section\">\n\t\t\t\t\t\t<div class=\"elementor-container elementor-column-gap-no\">\n\t\t\t\t\t<div class=\"elementor-column elementor-col-100 elementor-top-column elementor-element elementor-element-f026946\" data-id=\"f026946\" data-element_type=\"column\" data-e-type=\"column\">\n\t\t\t<div class=\"elementor-widget-wrap elementor-element-populated\">\n\t\t\t\t\t\t<div class=\"elementor-element elementor-element-b7ea38b elementor-widget elementor-widget-text-editor\" data-id=\"b7ea38b\" data-element_type=\"widget\" data-e-type=\"widget\" data-widget_type=\"text-editor.default\">\n\t\t\t\t\t\t\t\t\t<p><span style=\"font-weight: 400;\">Les interventions consistent \u00e0 renforcer la survie et la comp\u00e9titivit\u00e9 des entreprises en ciblant sp\u00e9cifiquement 1 500 PME et startups dirig\u00e9es par les femmes et les jeunes. L&rsquo;action s&rsquo;articule autour de la cartographie des besoins, la mise en \u0153uvre de plans op\u00e9rationnels dans neuf collectivit\u00e9s territoriales d\u00e9centralis\u00e9es (CTD), l&rsquo;am\u00e9lioration de la qualit\u00e9 par la certification, et le d\u00e9veloppement de partenariats cl\u00e9s avec les associations du secteur priv\u00e9, les incubateurs et les centres de formation.<\/span><\/p>\t\t\t\t\t\t\t\t<\/div>\n\t\t\t\t\t<\/div>\n\t\t<\/div>\n\t\t\t\t\t<\/div>\n\t\t<\/section>\n\t\t\t\t<section class=\"elementor-section elementor-top-section elementor-element elementor-element-75939ef elementor-section-boxed elementor-section-height-default elementor-section-height-default\" data-id=\"75939ef\" data-element_type=\"section\" data-e-type=\"section\">\n\t\t\t\t\t\t<div class=\"elementor-container elementor-column-gap-no\">\n\t\t\t\t\t<div class=\"elementor-column elementor-col-50 elementor-top-column elementor-element elementor-element-3baa6fe\" data-id=\"3baa6fe\" data-element_type=\"column\" data-e-type=\"column\">\n\t\t\t<div class=\"elementor-widget-wrap elementor-element-populated\">\n\t\t\t\t\t\t<section class=\"elementor-section elementor-inner-section elementor-element elementor-element-cd212f0 elementor-section-boxed elementor-section-height-default elementor-section-height-default\" data-id=\"cd212f0\" data-element_type=\"section\" data-e-type=\"section\">\n\t\t\t\t\t\t<div class=\"elementor-container elementor-column-gap-no\">\n\t\t\t\t\t<div class=\"elementor-column elementor-col-100 elementor-inner-column elementor-element elementor-element-c5d0c46\" data-id=\"c5d0c46\" data-element_type=\"column\" data-e-type=\"column\">\n\t\t\t<div class=\"elementor-widget-wrap elementor-element-populated\">\n\t\t\t\t\t\t<div class=\"elementor-element elementor-element-8491fb1 elementor-widget elementor-widget-heading\" data-id=\"8491fb1\" data-element_type=\"widget\" data-e-type=\"widget\" data-widget_type=\"heading.default\">\n\t\t\t\t\t<h2 class=\"elementor-heading-title elementor-size-default\">Objectifs<\/h2>\t\t\t\t<\/div>\n\t\t\t\t<div class=\"elementor-element elementor-element-2777637 elementor-widget elementor-widget-image\" data-id=\"2777637\" data-element_type=\"widget\" data-e-type=\"widget\" data-widget_type=\"image.default\">\n\t\t\t\t\t\t\t\t\t\t\t\t\t\t\t<img fetchpriority=\"high\" decoding=\"async\" width=\"800\" height=\"537\" src=\"https:\/\/ossp.cm\/wp-content\/uploads\/2026\/01\/OSSP-Axe-2-1024x687.png\" class=\"attachment-large size-large wp-image-2204\" alt=\"\" srcset=\"https:\/\/ossp.cm\/wp-content\/uploads\/2026\/01\/OSSP-Axe-2-1024x687.png 1024w, https:\/\/ossp.cm\/wp-content\/uploads\/2026\/01\/OSSP-Axe-2-300x201.png 300w, https:\/\/ossp.cm\/wp-content\/uploads\/2026\/01\/OSSP-Axe-2-768x515.png 768w, https:\/\/ossp.cm\/wp-content\/uploads\/2026\/01\/OSSP-Axe-2-18x12.png 18w, https:\/\/ossp.cm\/wp-content\/uploads\/2026\/01\/OSSP-Axe-2.png 1502w\" sizes=\"(max-width: 800px) 100vw, 800px\" \/>\t\t\t\t\t\t\t\t\t\t\t\t\t\t\t<\/div>\n\t\t\t\t\t<\/div>\n\t\t<\/div>\n\t\t\t\t\t<\/div>\n\t\t<\/section>\n\t\t\t\t\t<\/div>\n\t\t<\/div>\n\t\t\t\t<div class=\"elementor-column elementor-col-50 elementor-top-column elementor-element elementor-element-142fb4a\" data-id=\"142fb4a\" data-element_type=\"column\" data-e-type=\"column\">\n\t\t\t<div class=\"elementor-widget-wrap elementor-element-populated\">\n\t\t\t\t\t\t<div class=\"elementor-element elementor-element-9ed7f41 elementor-widget elementor-widget-text-editor\" data-id=\"9ed7f41\" data-element_type=\"widget\" data-e-type=\"widget\" data-widget_type=\"text-editor.default\">\n\t\t\t\t\t\t\t\t\t<ul><li style=\"font-weight: 400;\" aria-level=\"1\"><span style=\"font-weight: 400;\">Cartographie des besoins d\u2019acompagnement et mapping des opportunit\u00e9s<\/span><br \/><p>\u00a0<\/p><\/li><li style=\"font-weight: 400;\" aria-level=\"1\"><span style=\"font-weight: 400;\">1,500 PME et startups dirig\u00e9es par les femmes et les jeunes cibl\u00e9s <\/span><br \/><p>\u00a0<\/p><\/li><li style=\"font-weight: 400;\" aria-level=\"1\"><span style=\"font-weight: 400;\">Mise en oeuvre de plan de r\u00e9ponse op\u00e9rationnel dans neuf (9) collectivit\u00e9s territoriales d\u00e9centralis\u00e9es (CTD).<\/span><br \/><p>\u00a0<\/p><\/li><li style=\"font-weight: 400;\" aria-level=\"1\"><span style=\"font-weight: 400;\">Certification et normes de qualit\u00e9 des syst\u00e8mes et des produits.<br \/><br \/><\/span><\/li><li aria-level=\"1\"><span style=\"font-weight: 400;\">Partenariat avec les faiti\u00e8res, les groupements, les associations du secteur priv\u00e9, des femmes et des jeunes entrepreneurs<br \/><br \/><\/span><\/li><li aria-level=\"1\"><span style=\"font-weight: 400;\">Coop\u00e9ration avec les incubateurs et les centres de formation technique, professionnelle et universitaire.<\/span><\/li><\/ul>\t\t\t\t\t\t\t\t<\/div>\n\t\t\t\t\t<\/div>\n\t\t<\/div>\n\t\t\t\t\t<\/div>\n\t\t<\/section>\n\t\t<div class=\"elementor-element elementor-element-4ebef72 e-flex e-con-boxed e-con e-parent\" data-id=\"4ebef72\" data-element_type=\"container\" data-e-type=\"container\" data-settings=\"{&quot;background_background&quot;:&quot;classic&quot;}\">\n\t\t\t\t\t<div class=\"e-con-inner\">\n\t\t\t\t<div class=\"elementor-element elementor-element-7dcc9b3 elementor-widget elementor-widget-spacer\" data-id=\"7dcc9b3\" data-element_type=\"widget\" data-e-type=\"widget\" data-widget_type=\"spacer.default\">\n\t\t\t\t\t\t\t<div class=\"elementor-spacer\">\n\t\t\t<div class=\"elementor-spacer-inner\"><\/div>\n\t\t<\/div>\n\t\t\t\t\t\t<\/div>\n\t\t\t\t<div class=\"elementor-element elementor-element-e24c14f elementor-widget elementor-widget-spacer\" data-id=\"e24c14f\" data-element_type=\"widget\" data-e-type=\"widget\" data-widget_type=\"spacer.default\">\n\t\t\t\t\t\t\t<div class=\"elementor-spacer\">\n\t\t\t<div class=\"elementor-spacer-inner\"><\/div>\n\t\t<\/div>\n\t\t\t\t\t\t<\/div>\n\t\t\t\t<div class=\"elementor-element elementor-element-4820534 elementor-widget elementor-widget-heading\" data-id=\"4820534\" data-element_type=\"widget\" data-e-type=\"widget\" data-widget_type=\"heading.default\">\n\t\t\t\t\t<h2 class=\"elementor-heading-title elementor-size-default\">Nos Partenaires:<\/h2>\t\t\t\t<\/div>\n\t\t\t\t<div class=\"elementor-element elementor-element-a92ebbc elementor-widget elementor-widget-elementskit-client-logo\" data-id=\"a92ebbc\" data-element_type=\"widget\" data-e-type=\"widget\" data-widget_type=\"elementskit-client-logo.default\">\n\t\t\t\t\t<div class=\"ekit-wid-con\" >\t\t<div class=\"elementskit-clients-slider  simple_logo_image\" data-config=\"{&quot;rtl&quot;:false,&quot;arrows&quot;:false,&quot;dots&quot;:false,&quot;autoplay&quot;:true,&quot;speed&quot;:1000,&quot;slidesPerView&quot;:4,&quot;slidesPerGroup&quot;:1,&quot;pauseOnHover&quot;:true,&quot;loop&quot;:true,&quot;breakpoints&quot;:{&quot;320&quot;:{&quot;slidesPerView&quot;:1,&quot;slidesPerGroup&quot;:1,&quot;spaceBetween&quot;:10},&quot;768&quot;:{&quot;slidesPerView&quot;:2,&quot;slidesPerGroup&quot;:1,&quot;spaceBetween&quot;:10},&quot;1024&quot;:{&quot;slidesPerView&quot;:4,&quot;slidesPerGroup&quot;:1,&quot;spaceBetween&quot;:15}}}\" data-direction=\"\">\n\t\t\t<div class=\"ekit-main-swiper swiper\">\n\t\t\t\t<div class=\"swiper-wrapper\">\n\t\t\t\t\t\t\t\t\t\t\t<div class=\"elementskit-client-slider-item swiper-slide\">\n\t\t\t\t\t\t\t<div class=\"swiper-slide-inner\">\n\t\t\t\t\t\t\t\t<div class=\"single-client image-switcher\" title=\"APECCAM\">\n\t\t\t\t\t\t\t\t\t\t\t\t\t\t\t\t\t\t\t<a href=\"https:\/\/apeccam.cm\/\">\n\t\t\t\t\t\t\t\t\t\t\t<span class=\"content-image\">\n\t\t\t\t\t\t\t\t\t\t\t\t<img decoding=\"async\" width=\"1534\" height=\"792\" src=\"https:\/\/ossp.cm\/wp-content\/uploads\/2024\/11\/APECCAM.png\" class=\"\" alt=\"\" srcset=\"https:\/\/ossp.cm\/wp-content\/uploads\/2024\/11\/APECCAM.png 1534w, https:\/\/ossp.cm\/wp-content\/uploads\/2024\/11\/APECCAM-300x155.png 300w, https:\/\/ossp.cm\/wp-content\/uploads\/2024\/11\/APECCAM-1024x529.png 1024w, https:\/\/ossp.cm\/wp-content\/uploads\/2024\/11\/APECCAM-768x397.png 768w, https:\/\/ossp.cm\/wp-content\/uploads\/2024\/11\/APECCAM-18x9.png 18w\" sizes=\"(max-width: 1534px) 100vw, 1534px\" \/>\t\t\t\t\t\t\t\t\t\t\t<\/span>\n\t\t\t\t\t\t\t\t\t\t<\/a>\n\t\t\t\t\t\t\t\t\t\t\t\t\t\t\t\t\t<\/div>\n\t\t\t\t\t\t\t<\/div>\n\t\t\t\t\t\t<\/div>\n\t\t\t\t\t\t\t\t\t\t\t<div class=\"elementskit-client-slider-item swiper-slide\">\n\t\t\t\t\t\t\t<div class=\"swiper-slide-inner\">\n\t\t\t\t\t\t\t\t<div class=\"single-client image-switcher\" title=\"Mountain Hub\">\n\t\t\t\t\t\t\t\t\t\t\t\t\t\t\t\t\t\t\t<a href=\"https:\/\/mountainhub.africa\/\">\n\t\t\t\t\t\t\t\t\t\t\t<span class=\"content-image\">\n\t\t\t\t\t\t\t\t\t\t\t\t<img decoding=\"async\" width=\"2131\" height=\"1103\" src=\"https:\/\/ossp.cm\/wp-content\/uploads\/2025\/04\/mountainhub.png\" class=\"\" alt=\"\" srcset=\"https:\/\/ossp.cm\/wp-content\/uploads\/2025\/04\/mountainhub.png 2131w, https:\/\/ossp.cm\/wp-content\/uploads\/2025\/04\/mountainhub-300x155.png 300w, https:\/\/ossp.cm\/wp-content\/uploads\/2025\/04\/mountainhub-1024x530.png 1024w, https:\/\/ossp.cm\/wp-content\/uploads\/2025\/04\/mountainhub-768x398.png 768w, https:\/\/ossp.cm\/wp-content\/uploads\/2025\/04\/mountainhub-1536x795.png 1536w, https:\/\/ossp.cm\/wp-content\/uploads\/2025\/04\/mountainhub-2048x1060.png 2048w, https:\/\/ossp.cm\/wp-content\/uploads\/2025\/04\/mountainhub-18x9.png 18w\" sizes=\"(max-width: 2131px) 100vw, 2131px\" \/>\t\t\t\t\t\t\t\t\t\t\t<\/span>\n\t\t\t\t\t\t\t\t\t\t<\/a>\n\t\t\t\t\t\t\t\t\t\t\t\t\t\t\t\t\t<\/div>\n\t\t\t\t\t\t\t<\/div>\n\t\t\t\t\t\t<\/div>\n\t\t\t\t\t\t\t\t\t\t\t<div class=\"elementskit-client-slider-item swiper-slide\">\n\t\t\t\t\t\t\t<div class=\"swiper-slide-inner\">\n\t\t\t\t\t\t\t\t<div class=\"single-client image-switcher\" title=\"GFAC\">\n\t\t\t\t\t\t\t\t\t\t\t\t\t\t\t\t\t\t\t<a href=\"https:\/\/cm.linkedin.com\/company\/groupement-des-femmes-d-affaire-du-cameroun\">\n\t\t\t\t\t\t\t\t\t\t\t<span class=\"content-image\">\n\t\t\t\t\t\t\t\t\t\t\t\t<img loading=\"lazy\" decoding=\"async\" width=\"1534\" height=\"792\" src=\"https:\/\/ossp.cm\/wp-content\/uploads\/2024\/11\/BUSINESS-WOMEN.png\" class=\"\" alt=\"\" srcset=\"https:\/\/ossp.cm\/wp-content\/uploads\/2024\/11\/BUSINESS-WOMEN.png 1534w, https:\/\/ossp.cm\/wp-content\/uploads\/2024\/11\/BUSINESS-WOMEN-300x155.png 300w, https:\/\/ossp.cm\/wp-content\/uploads\/2024\/11\/BUSINESS-WOMEN-1024x529.png 1024w, https:\/\/ossp.cm\/wp-content\/uploads\/2024\/11\/BUSINESS-WOMEN-768x397.png 768w, https:\/\/ossp.cm\/wp-content\/uploads\/2024\/11\/BUSINESS-WOMEN-18x9.png 18w\" sizes=\"(max-width: 1534px) 100vw, 1534px\" \/>\t\t\t\t\t\t\t\t\t\t\t<\/span>\n\t\t\t\t\t\t\t\t\t\t<\/a>\n\t\t\t\t\t\t\t\t\t\t\t\t\t\t\t\t\t<\/div>\n\t\t\t\t\t\t\t<\/div>\n\t\t\t\t\t\t<\/div>\n\t\t\t\t\t\t\t\t\t\t\t<div class=\"elementskit-client-slider-item swiper-slide\">\n\t\t\t\t\t\t\t<div class=\"swiper-slide-inner\">\n\t\t\t\t\t\t\t\t<div class=\"single-client image-switcher\" title=\"Syndustricam\">\n\t\t\t\t\t\t\t\t\t\t\t\t\t\t\t\t\t\t\t<a href=\"https:\/\/syndustricam.org\/\">\n\t\t\t\t\t\t\t\t\t\t\t<span class=\"content-image\">\n\t\t\t\t\t\t\t\t\t\t\t\t<img loading=\"lazy\" decoding=\"async\" width=\"1535\" height=\"793\" src=\"https:\/\/ossp.cm\/wp-content\/uploads\/2024\/11\/Syndustricam.png\" class=\"\" alt=\"\" srcset=\"https:\/\/ossp.cm\/wp-content\/uploads\/2024\/11\/Syndustricam.png 1535w, https:\/\/ossp.cm\/wp-content\/uploads\/2024\/11\/Syndustricam-300x155.png 300w, https:\/\/ossp.cm\/wp-content\/uploads\/2024\/11\/Syndustricam-1024x529.png 1024w, https:\/\/ossp.cm\/wp-content\/uploads\/2024\/11\/Syndustricam-768x397.png 768w, https:\/\/ossp.cm\/wp-content\/uploads\/2024\/11\/Syndustricam-18x9.png 18w\" sizes=\"(max-width: 1535px) 100vw, 1535px\" \/>\t\t\t\t\t\t\t\t\t\t\t<\/span>\n\t\t\t\t\t\t\t\t\t\t<\/a>\n\t\t\t\t\t\t\t\t\t\t\t\t\t\t\t\t\t<\/div>\n\t\t\t\t\t\t\t<\/div>\n\t\t\t\t\t\t<\/div>\n\t\t\t\t\t\t\t\t\t\t\t<div class=\"elementskit-client-slider-item swiper-slide\">\n\t\t\t\t\t\t\t<div class=\"swiper-slide-inner\">\n\t\t\t\t\t\t\t\t<div class=\"single-client image-switcher\" title=\"CINCUB 3\">\n\t\t\t\t\t\t\t\t\t\t\t\t\t\t\t\t\t\t\t<a href=\"https:\/\/enspd-udo.cm\/cincub\">\n\t\t\t\t\t\t\t\t\t\t\t<span class=\"content-image\">\n\t\t\t\t\t\t\t\t\t\t\t\t<img loading=\"lazy\" decoding=\"async\" width=\"1535\" height=\"792\" src=\"https:\/\/ossp.cm\/wp-content\/uploads\/2024\/11\/CINCUB3.png\" class=\"\" alt=\"\" srcset=\"https:\/\/ossp.cm\/wp-content\/uploads\/2024\/11\/CINCUB3.png 1535w, https:\/\/ossp.cm\/wp-content\/uploads\/2024\/11\/CINCUB3-300x155.png 300w, https:\/\/ossp.cm\/wp-content\/uploads\/2024\/11\/CINCUB3-1024x528.png 1024w, https:\/\/ossp.cm\/wp-content\/uploads\/2024\/11\/CINCUB3-768x396.png 768w, https:\/\/ossp.cm\/wp-content\/uploads\/2024\/11\/CINCUB3-18x9.png 18w\" sizes=\"(max-width: 1535px) 100vw, 1535px\" \/>\t\t\t\t\t\t\t\t\t\t\t<\/span>\n\t\t\t\t\t\t\t\t\t\t<\/a>\n\t\t\t\t\t\t\t\t\t\t\t\t\t\t\t\t\t<\/div>\n\t\t\t\t\t\t\t<\/div>\n\t\t\t\t\t\t<\/div>\n\t\t\t\t\t\t\t\t\t<\/div>\n\n\t\t\t\t\n\t\t\t\t\t\t\t<\/div><!-- .elementskit-clients-slider END -->\n\t\t<\/div>\n\t\t<\/div>\t\t\t\t<\/div>\n\t\t\t\t<div class=\"elementor-element elementor-element-6b52a4d elementor-widget elementor-widget-spacer\" data-id=\"6b52a4d\" data-element_type=\"widget\" data-e-type=\"widget\" data-widget_type=\"spacer.default\">\n\t\t\t\t\t\t\t<div class=\"elementor-spacer\">\n\t\t\t<div class=\"elementor-spacer-inner\"><\/div>\n\t\t<\/div>\n\t\t\t\t\t\t<\/div>\n\t\t\t\t\t<\/div>\n\t\t\t\t<\/div>\n\t\t<div class=\"elementor-element elementor-element-3c3c9b5 e-flex e-con-boxed e-con e-parent\" data-id=\"3c3c9b5\" data-element_type=\"container\" data-e-type=\"container\">\n\t\t\t\t\t<div class=\"e-con-inner\">\n\t\t<div class=\"elementor-element elementor-element-c4a5db3 e-con-full e-flex e-con e-child\" data-id=\"c4a5db3\" data-element_type=\"container\" data-e-type=\"container\">\n\t\t\t\t<div class=\"elementor-element elementor-element-b72c649 elementor-widget elementor-widget-jkit_post_block\" data-id=\"b72c649\" data-element_type=\"widget\" data-e-type=\"widget\" data-widget_type=\"jkit_post_block.default\">\n\t\t\t\t\t<div  class=\"jeg-elementor-kit jkit-postblock postblock-type-3 jkit-pagination-disable post-element jeg_module___69f763619816c\"  data-id=\"jeg_module___69f763619816c\" data-settings=\"{&quot;post_type&quot;:&quot;post&quot;,&quot;number_post&quot;:{&quot;unit&quot;:&quot;px&quot;,&quot;size&quot;:2,&quot;sizes&quot;:[]},&quot;post_offset&quot;:0,&quot;unique_content&quot;:&quot;disable&quot;,&quot;include_post&quot;:&quot;1888,1054&quot;,&quot;exclude_post&quot;:&quot;&quot;,&quot;include_category&quot;:&quot;&quot;,&quot;exclude_category&quot;:&quot;&quot;,&quot;include_author&quot;:&quot;&quot;,&quot;include_tag&quot;:&quot;&quot;,&quot;exclude_tag&quot;:&quot;&quot;,&quot;sort_by&quot;:&quot;latest&quot;,&quot;pagination_mode&quot;:&quot;disable&quot;,&quot;pagination_loadmore_text&quot;:&quot;Load More&quot;,&quot;pagination_loading_text&quot;:&quot;Loading...&quot;,&quot;pagination_number_post&quot;:{&quot;unit&quot;:&quot;px&quot;,&quot;size&quot;:3,&quot;sizes&quot;:[]},&quot;pagination_scroll_limit&quot;:0,&quot;pagination_icon&quot;:{&quot;value&quot;:&quot;&quot;,&quot;library&quot;:&quot;&quot;},&quot;pagination_icon_position&quot;:&quot;before&quot;,&quot;st_category_position&quot;:&quot;left&quot;,&quot;sg_content_postblock_type&quot;:&quot;type-3&quot;,&quot;sg_content_element_order&quot;:&quot;title,meta,excerpt,read&quot;,&quot;sg_content_breakpoint&quot;:&quot;tablet&quot;,&quot;sg_content_title_html_tag&quot;:&quot;h3&quot;,&quot;sg_content_category_enable&quot;:&quot;&quot;,&quot;sg_content_excerpt_enable&quot;:&quot;yes&quot;,&quot;sg_content_excerpt_length&quot;:{&quot;unit&quot;:&quot;px&quot;,&quot;size&quot;:17,&quot;sizes&quot;:[]},&quot;sg_content_excerpt_more&quot;:&quot;...&quot;,&quot;sg_content_readmore_enable&quot;:&quot;yes&quot;,&quot;sg_content_readmore_icon&quot;:{&quot;value&quot;:&quot;jki jki-arrow-right-solid&quot;,&quot;library&quot;:&quot;jkiticon&quot;},&quot;sg_content_readmore_icon_position&quot;:&quot;after&quot;,&quot;sg_content_readmore_text&quot;:&quot;Read More&quot;,&quot;sg_content_comment_enable&quot;:&quot;&quot;,&quot;sg_content_comment_icon&quot;:{&quot;value&quot;:&quot;fas fa-comment&quot;,&quot;library&quot;:&quot;fa-solid&quot;},&quot;sg_content_comment_icon_position&quot;:&quot;before&quot;,&quot;sg_content_meta_enable&quot;:&quot;&quot;,&quot;sg_content_meta_author_enable&quot;:&quot;yes&quot;,&quot;sg_content_meta_author_by_text&quot;:&quot;by&quot;,&quot;sg_content_meta_author_icon&quot;:{&quot;value&quot;:&quot;fas fa-user&quot;,&quot;library&quot;:&quot;fa-solid&quot;},&quot;sg_content_meta_author_icon_position&quot;:&quot;before&quot;,&quot;sg_content_meta_date_enable&quot;:&quot;yes&quot;,&quot;sg_content_meta_date_type&quot;:&quot;published&quot;,&quot;sg_content_meta_date_format&quot;:&quot;default&quot;,&quot;sg_content_meta_date_format_custom&quot;:&quot;F j, Y&quot;,&quot;sg_content_meta_date_icon&quot;:{&quot;value&quot;:&quot;fas fa-clock&quot;,&quot;library&quot;:&quot;fa-solid&quot;},&quot;sg_content_meta_date_icon_position&quot;:&quot;before&quot;,&quot;sg_content_image_size_imagesize_size&quot;:&quot;full&quot;,&quot;paged&quot;:1,&quot;class&quot;:&quot;jkit_post_block&quot;}\"><div class=\"jkit-block-container\"><div class=\"jkit-posts jkit-ajax-flag\">\n            <article class=\"jkit-post post-1888 post type-post status-publish format-standard has-post-thumbnail hentry category-actualites\">\n                    <div class=\"jkit-thumb\"><a aria-label=\"Communiqu\u00e9 des r\u00e9sultats du DAP\" href=\"https:\/\/ossp.cm\/en\/communique-2\/\"><div class=\"thumbnail-container\">\n            <img loading=\"lazy\" decoding=\"async\" width=\"1818\" height=\"1478\" src=\"https:\/\/ossp.cm\/wp-content\/uploads\/2025\/11\/Screenshot-2025-11-14-at-09.33.31-2.png\" class=\"attachment-full size-full wp-post-image\" alt=\"\" srcset=\"https:\/\/ossp.cm\/wp-content\/uploads\/2025\/11\/Screenshot-2025-11-14-at-09.33.31-2.png 1818w, https:\/\/ossp.cm\/wp-content\/uploads\/2025\/11\/Screenshot-2025-11-14-at-09.33.31-2-300x244.png 300w\" sizes=\"auto, (max-width: 1818px) 100vw, 1818px\" \/>\n        <\/div><\/a><\/div>\n                    <div class=\"jkit-postblock-content\"><h3 class=\"jkit-post-title\">\n\t\t\t\t\t\t\t<a href=\"https:\/\/ossp.cm\/en\/communique-2\/\">Communiqu\u00e9 des r\u00e9sultats du DAP<\/a>\n\t\t\t\t\t\t<\/h3><div class=\"jkit-post-excerpt\"><p>Dans le cadre de l'accompagnement de la premiere vague du Dispositif d'Acceleration de la Productivite (DAP) du...<\/p><\/div><div class=\"jkit-post-meta-bottom\">\n\t\t\t\t\t\t\t<div class=\"jkit-meta-readmore icon-position-after\">\n                <a title=\"Communiqu\u00e9 des r\u00e9sultats du DAP\" href=\"https:\/\/ossp.cm\/en\/communique-2\/\" class=\"jkit-readmore\">Read More<i aria-hidden=\"true\" class=\"jki jki-arrow-right-solid\"><\/i><\/a>\n            <\/div>\n\t\t\t\t\t\t<\/div><\/div>\n                <\/article><article class=\"jkit-post post-1054 post type-post status-publish format-standard has-post-thumbnail hentry category-evenements\">\n                    <div class=\"jkit-thumb\"><a aria-label=\"Concertations with women entrepreneurs in Regional capitals\" href=\"https:\/\/ossp.cm\/en\/concertations-with-women-entrepreneurs-in-regional-capitals\/\"><div class=\"thumbnail-container\">\n            <img loading=\"lazy\" decoding=\"async\" width=\"1693\" height=\"1444\" src=\"https:\/\/ossp.cm\/wp-content\/uploads\/2024\/11\/OSSP-CMR-objectif.jpg\" class=\"attachment-full size-full wp-post-image\" alt=\"\" srcset=\"https:\/\/ossp.cm\/wp-content\/uploads\/2024\/11\/OSSP-CMR-objectif.jpg 1693w, https:\/\/ossp.cm\/wp-content\/uploads\/2024\/11\/OSSP-CMR-objectif-300x256.jpg 300w, https:\/\/ossp.cm\/wp-content\/uploads\/2024\/11\/OSSP-CMR-objectif-1024x873.jpg 1024w, https:\/\/ossp.cm\/wp-content\/uploads\/2024\/11\/OSSP-CMR-objectif-768x655.jpg 768w, https:\/\/ossp.cm\/wp-content\/uploads\/2024\/11\/OSSP-CMR-objectif-1536x1310.jpg 1536w, https:\/\/ossp.cm\/wp-content\/uploads\/2024\/11\/OSSP-CMR-objectif-14x12.jpg 14w\" sizes=\"auto, (max-width: 1693px) 100vw, 1693px\" \/>\n        <\/div><\/a><\/div>\n                    <div class=\"jkit-postblock-content\"><h3 class=\"jkit-post-title\">\n\t\t\t\t\t\t\t<a href=\"https:\/\/ossp.cm\/en\/concertations-with-women-entrepreneurs-in-regional-capitals\/\">Concertations with women entrepreneurs in Regional capitals<\/a>\n\t\t\t\t\t\t<\/h3><div class=\"jkit-post-excerpt\"><p>L'OSSP-CMR s'est engag\u00e9 \u00e0 favoriser la croissance \u00e9conomique et l'autonomisation des femmes entrepreneurs au Cameroun. Dans le...<\/p><\/div><div class=\"jkit-post-meta-bottom\">\n\t\t\t\t\t\t\t<div class=\"jkit-meta-readmore icon-position-after\">\n                <a title=\"Concertations with women entrepreneurs in Regional capitals\" href=\"https:\/\/ossp.cm\/en\/concertations-with-women-entrepreneurs-in-regional-capitals\/\" class=\"jkit-readmore\">Read More<i aria-hidden=\"true\" class=\"jki jki-arrow-right-solid\"><\/i><\/a>\n            <\/div>\n\t\t\t\t\t\t<\/div><\/div>\n                <\/article>\n        <\/div><\/div><\/div>\t\t\t\t<\/div>\n\t\t\t\t<\/div>\n\t\t\t\t\t<\/div>\n\t\t\t\t<\/div>\n\t\t\t\t<\/div>","protected":false},"excerpt":{"rendered":"<p>Am\u00e9lioration de la survie des PME et comp\u00e9titivit\u00e9 des entreprises Les interventions consistent \u00e0 renforcer la survie et la comp\u00e9titivit\u00e9 des entreprises en ciblant sp\u00e9cifiquement 1 500 PME et startups dirig\u00e9es par les femmes et les jeunes. L&rsquo;action s&rsquo;articule autour de la cartographie des besoins, la mise en \u0153uvre de plans op\u00e9rationnels dans neuf collectivit\u00e9s [&hellip;]<\/p>\n","protected":false},"author":1,"featured_media":0,"parent":0,"menu_order":0,"comment_status":"closed","ping_status":"closed","template":"","meta":{"footnotes":""},"class_list":["post-1989","page","type-page","status-publish","hentry"],"_links":{"self":[{"href":"https:\/\/ossp.cm\/en\/wp-json\/wp\/v2\/pages\/1989","targetHints":{"allow":["GET"]}}],"collection":[{"href":"https:\/\/ossp.cm\/en\/wp-json\/wp\/v2\/pages"}],"about":[{"href":"https:\/\/ossp.cm\/en\/wp-json\/wp\/v2\/types\/page"}],"author":[{"embeddable":true,"href":"https:\/\/ossp.cm\/en\/wp-json\/wp\/v2\/users\/1"}],"replies":[{"embeddable":true,"href":"https:\/\/ossp.cm\/en\/wp-json\/wp\/v2\/comments?post=1989"}],"version-history":[{"count":29,"href":"https:\/\/ossp.cm\/en\/wp-json\/wp\/v2\/pages\/1989\/revisions"}],"predecessor-version":[{"id":2266,"href":"https:\/\/ossp.cm\/en\/wp-json\/wp\/v2\/pages\/1989\/revisions\/2266"}],"wp:attachment":[{"href":"https:\/\/ossp.cm\/en\/wp-json\/wp\/v2\/media?parent=1989"}],"curies":[{"name":"wp","href":"https:\/\/api.w.org\/{rel}","templated":true}]}}