{"id":1991,"date":"2025-12-12T15:04:18","date_gmt":"2025-12-12T15:04:18","guid":{"rendered":"https:\/\/ossp.cm\/?page_id=1991"},"modified":"2026-01-16T10:44:21","modified_gmt":"2026-01-16T10:44:21","slug":"axe-3","status":"publish","type":"page","link":"https:\/\/ossp.cm\/en\/axe-3\/","title":{"rendered":"Axis 3"},"content":{"rendered":"<div data-elementor-type=\"wp-page\" data-elementor-id=\"1991\" class=\"elementor elementor-1991\">\n\t\t\t\t\t\t<section class=\"elementor-section elementor-top-section elementor-element elementor-element-da7090a elementor-section-boxed elementor-section-height-default elementor-section-height-default\" data-id=\"da7090a\" data-element_type=\"section\" data-e-type=\"section\">\n\t\t\t\t\t\t<div class=\"elementor-container elementor-column-gap-no\">\n\t\t\t\t\t<div class=\"elementor-column elementor-col-100 elementor-top-column elementor-element elementor-element-0787024\" data-id=\"0787024\" data-element_type=\"column\" data-e-type=\"column\" data-settings=\"{&quot;background_background&quot;:&quot;classic&quot;}\">\n\t\t\t<div class=\"elementor-widget-wrap elementor-element-populated\">\n\t\t\t\t\t<div class=\"elementor-background-overlay\"><\/div>\n\t\t\t\t\t\t<div class=\"elementor-element elementor-element-57aabb1 elementor-widget elementor-widget-heading\" data-id=\"57aabb1\" data-element_type=\"widget\" data-e-type=\"widget\" data-widget_type=\"heading.default\">\n\t\t\t\t\t<h2 class=\"elementor-heading-title elementor-size-default\">Accroissement de la productivit\u00e9 et de la r\u00e9silience des PME<\/h2>\t\t\t\t<\/div>\n\t\t\t\t\t<\/div>\n\t\t<\/div>\n\t\t\t\t\t<\/div>\n\t\t<\/section>\n\t\t\t\t<section class=\"elementor-section elementor-top-section elementor-element elementor-element-717390b elementor-section-boxed elementor-section-height-default elementor-section-height-default\" data-id=\"717390b\" data-element_type=\"section\" data-e-type=\"section\">\n\t\t\t\t\t\t<div class=\"elementor-container elementor-column-gap-no\">\n\t\t\t\t\t<div class=\"elementor-column elementor-col-100 elementor-top-column elementor-element elementor-element-a4eef75\" data-id=\"a4eef75\" data-element_type=\"column\" data-e-type=\"column\">\n\t\t\t<div class=\"elementor-widget-wrap elementor-element-populated\">\n\t\t\t\t\t\t<div class=\"elementor-element elementor-element-95a50c8 elementor-widget elementor-widget-text-editor\" data-id=\"95a50c8\" data-element_type=\"widget\" data-e-type=\"widget\" data-widget_type=\"text-editor.default\">\n\t\t\t\t\t\t\t\t\t<p><span style=\"font-weight: 400;\">Les interventions consistent \u00e0 renforcer la comp\u00e9titivit\u00e9 et la r\u00e9silience des PME en agissant sur plusieurs leviers : le d\u00e9veloppement des capacit\u00e9s (manag\u00e9riales, technologiques, digitales et de branding), la mise \u00e0 disposition d&rsquo;\u00e9quipements et d&rsquo;outils de production, le soutien \u00e0 la participation aux foires nationales et internationales, et enfin l&rsquo;identification de nouvelles opportunit\u00e9s d&rsquo;acc\u00e8s au march\u00e9.<\/span><\/p>\t\t\t\t\t\t\t\t<\/div>\n\t\t\t\t\t<\/div>\n\t\t<\/div>\n\t\t\t\t\t<\/div>\n\t\t<\/section>\n\t\t\t\t<section class=\"elementor-section elementor-top-section elementor-element elementor-element-0c6f45f elementor-section-boxed elementor-section-height-default elementor-section-height-default\" data-id=\"0c6f45f\" data-element_type=\"section\" data-e-type=\"section\">\n\t\t\t\t\t\t<div class=\"elementor-container elementor-column-gap-no\">\n\t\t\t\t\t<div class=\"elementor-column elementor-col-50 elementor-top-column elementor-element elementor-element-4c46964\" data-id=\"4c46964\" data-element_type=\"column\" data-e-type=\"column\">\n\t\t\t<div class=\"elementor-widget-wrap elementor-element-populated\">\n\t\t\t\t\t\t<section class=\"elementor-section elementor-inner-section elementor-element elementor-element-633c9a4 elementor-section-boxed elementor-section-height-default elementor-section-height-default\" data-id=\"633c9a4\" data-element_type=\"section\" data-e-type=\"section\">\n\t\t\t\t\t\t<div class=\"elementor-container elementor-column-gap-no\">\n\t\t\t\t\t<div class=\"elementor-column elementor-col-100 elementor-inner-column elementor-element elementor-element-4643d4d\" data-id=\"4643d4d\" data-element_type=\"column\" data-e-type=\"column\">\n\t\t\t<div class=\"elementor-widget-wrap elementor-element-populated\">\n\t\t\t\t\t\t<div class=\"elementor-element elementor-element-7f990eb elementor-widget elementor-widget-heading\" data-id=\"7f990eb\" data-element_type=\"widget\" data-e-type=\"widget\" data-widget_type=\"heading.default\">\n\t\t\t\t\t<h2 class=\"elementor-heading-title elementor-size-default\">Objectifs<\/h2>\t\t\t\t<\/div>\n\t\t\t\t<div class=\"elementor-element elementor-element-1705125 elementor-widget elementor-widget-image\" data-id=\"1705125\" data-element_type=\"widget\" data-e-type=\"widget\" data-widget_type=\"image.default\">\n\t\t\t\t\t\t\t\t\t\t\t\t\t\t\t<img fetchpriority=\"high\" decoding=\"async\" width=\"800\" height=\"484\" src=\"https:\/\/ossp.cm\/wp-content\/uploads\/2026\/01\/OSSP-Axe-3-1024x619.png\" class=\"attachment-large size-large wp-image-2205\" alt=\"\" srcset=\"https:\/\/ossp.cm\/wp-content\/uploads\/2026\/01\/OSSP-Axe-3-1024x619.png 1024w, https:\/\/ossp.cm\/wp-content\/uploads\/2026\/01\/OSSP-Axe-3-300x181.png 300w, https:\/\/ossp.cm\/wp-content\/uploads\/2026\/01\/OSSP-Axe-3-768x464.png 768w, https:\/\/ossp.cm\/wp-content\/uploads\/2026\/01\/OSSP-Axe-3-18x12.png 18w, https:\/\/ossp.cm\/wp-content\/uploads\/2026\/01\/OSSP-Axe-3.png 1535w\" sizes=\"(max-width: 800px) 100vw, 800px\" \/>\t\t\t\t\t\t\t\t\t\t\t\t\t\t\t<\/div>\n\t\t\t\t\t<\/div>\n\t\t<\/div>\n\t\t\t\t\t<\/div>\n\t\t<\/section>\n\t\t\t\t\t<\/div>\n\t\t<\/div>\n\t\t\t\t<div class=\"elementor-column elementor-col-50 elementor-top-column elementor-element elementor-element-c78c5ff\" data-id=\"c78c5ff\" data-element_type=\"column\" data-e-type=\"column\">\n\t\t\t<div class=\"elementor-widget-wrap elementor-element-populated\">\n\t\t\t\t\t\t<div class=\"elementor-element elementor-element-4d44d1e elementor-widget elementor-widget-text-editor\" data-id=\"4d44d1e\" data-element_type=\"widget\" data-e-type=\"widget\" data-widget_type=\"text-editor.default\">\n\t\t\t\t\t\t\t\t\t<ul><li style=\"font-weight: 400;\" aria-level=\"1\"><span style=\"font-weight: 400;\">D\u00e9veloppement des capacit\u00e9s manag\u00e9riale, technologique, digitale, entrepreneuriales, branding, etc.<br \/><br \/><\/span><\/li><li style=\"font-weight: 400;\" aria-level=\"1\"><span style=\"font-weight: 400;\">Mise \u00e0 disposition d\u2019intrants, d\u2019\u00e9quipements et d\u2019outils de production<br \/><br \/><\/span><\/li><li style=\"font-weight: 400;\" aria-level=\"1\"><span style=\"font-weight: 400;\">Soutien \u00e0 l\u2019organisation et \u00e0 la participation des foires au niveau national, r\u00e9gional et international<\/span>Identification\u00a0 de nouvelle opportunit\u00e9s d\u2019acc\u00e8s au march\u00e9<\/li><\/ul>\t\t\t\t\t\t\t\t<\/div>\n\t\t\t\t\t<\/div>\n\t\t<\/div>\n\t\t\t\t\t<\/div>\n\t\t<\/section>\n\t\t<div class=\"elementor-element elementor-element-0fef6fa e-flex e-con-boxed e-con e-parent\" data-id=\"0fef6fa\" data-element_type=\"container\" data-e-type=\"container\" data-settings=\"{&quot;background_background&quot;:&quot;classic&quot;}\">\n\t\t\t\t\t<div class=\"e-con-inner\">\n\t\t\t\t<div class=\"elementor-element elementor-element-fd91c4b elementor-widget elementor-widget-spacer\" data-id=\"fd91c4b\" data-element_type=\"widget\" data-e-type=\"widget\" data-widget_type=\"spacer.default\">\n\t\t\t\t\t\t\t<div class=\"elementor-spacer\">\n\t\t\t<div class=\"elementor-spacer-inner\"><\/div>\n\t\t<\/div>\n\t\t\t\t\t\t<\/div>\n\t\t\t\t<div class=\"elementor-element elementor-element-9ab3817 elementor-widget elementor-widget-spacer\" data-id=\"9ab3817\" data-element_type=\"widget\" data-e-type=\"widget\" data-widget_type=\"spacer.default\">\n\t\t\t\t\t\t\t<div class=\"elementor-spacer\">\n\t\t\t<div class=\"elementor-spacer-inner\"><\/div>\n\t\t<\/div>\n\t\t\t\t\t\t<\/div>\n\t\t\t\t<div class=\"elementor-element elementor-element-401ae22 elementor-widget elementor-widget-heading\" data-id=\"401ae22\" data-element_type=\"widget\" data-e-type=\"widget\" data-widget_type=\"heading.default\">\n\t\t\t\t\t<h2 class=\"elementor-heading-title elementor-size-default\">Nos Partenaires:<\/h2>\t\t\t\t<\/div>\n\t\t\t\t<div class=\"elementor-element elementor-element-1a4162a elementor-widget elementor-widget-elementskit-client-logo\" data-id=\"1a4162a\" data-element_type=\"widget\" data-e-type=\"widget\" data-widget_type=\"elementskit-client-logo.default\">\n\t\t\t\t\t<div class=\"ekit-wid-con\" >\t\t<div class=\"elementskit-clients-slider  simple_logo_image\" data-config=\"{&quot;rtl&quot;:false,&quot;arrows&quot;:false,&quot;dots&quot;:false,&quot;autoplay&quot;:true,&quot;speed&quot;:1000,&quot;slidesPerView&quot;:4,&quot;slidesPerGroup&quot;:1,&quot;pauseOnHover&quot;:true,&quot;loop&quot;:true,&quot;breakpoints&quot;:{&quot;320&quot;:{&quot;slidesPerView&quot;:1,&quot;slidesPerGroup&quot;:1,&quot;spaceBetween&quot;:10},&quot;768&quot;:{&quot;slidesPerView&quot;:2,&quot;slidesPerGroup&quot;:1,&quot;spaceBetween&quot;:10},&quot;1024&quot;:{&quot;slidesPerView&quot;:4,&quot;slidesPerGroup&quot;:1,&quot;spaceBetween&quot;:15}}}\" data-direction=\"\">\n\t\t\t<div class=\"ekit-main-swiper swiper\">\n\t\t\t\t<div class=\"swiper-wrapper\">\n\t\t\t\t\t\t\t\t\t\t\t<div class=\"elementskit-client-slider-item swiper-slide\">\n\t\t\t\t\t\t\t<div class=\"swiper-slide-inner\">\n\t\t\t\t\t\t\t\t<div class=\"single-client image-switcher\" title=\"Anemencam\">\n\t\t\t\t\t\t\t\t\t\t\t\t\t\t\t\t\t\t\t<a href=\"https:\/\/www.anemcam.net\/centrale_info\/\">\n\t\t\t\t\t\t\t\t\t\t\t<span class=\"content-image\">\n\t\t\t\t\t\t\t\t\t\t\t\t<img decoding=\"async\" width=\"1535\" height=\"793\" src=\"https:\/\/ossp.cm\/wp-content\/uploads\/2024\/11\/ANEMCAM.png\" class=\"\" alt=\"\" srcset=\"https:\/\/ossp.cm\/wp-content\/uploads\/2024\/11\/ANEMCAM.png 1535w, https:\/\/ossp.cm\/wp-content\/uploads\/2024\/11\/ANEMCAM-300x155.png 300w, https:\/\/ossp.cm\/wp-content\/uploads\/2024\/11\/ANEMCAM-1024x529.png 1024w, https:\/\/ossp.cm\/wp-content\/uploads\/2024\/11\/ANEMCAM-768x397.png 768w, https:\/\/ossp.cm\/wp-content\/uploads\/2024\/11\/ANEMCAM-18x9.png 18w\" sizes=\"(max-width: 1535px) 100vw, 1535px\" \/>\t\t\t\t\t\t\t\t\t\t\t<\/span>\n\t\t\t\t\t\t\t\t\t\t<\/a>\n\t\t\t\t\t\t\t\t\t\t\t\t\t\t\t\t\t<\/div>\n\t\t\t\t\t\t\t<\/div>\n\t\t\t\t\t\t<\/div>\n\t\t\t\t\t\t\t\t\t\t\t<div class=\"elementskit-client-slider-item swiper-slide\">\n\t\t\t\t\t\t\t<div class=\"swiper-slide-inner\">\n\t\t\t\t\t\t\t\t<div class=\"single-client image-switcher\" title=\"CTA\">\n\t\t\t\t\t\t\t\t\t\t\t\t\t\t\t\t\t\t\t<div class=\"content-image\">\n\t\t\t\t\t\t\t\t\t\t\t<img decoding=\"async\" width=\"1535\" height=\"792\" src=\"https:\/\/ossp.cm\/wp-content\/uploads\/2024\/11\/CTA.png\" class=\"\" alt=\"\" srcset=\"https:\/\/ossp.cm\/wp-content\/uploads\/2024\/11\/CTA.png 1535w, https:\/\/ossp.cm\/wp-content\/uploads\/2024\/11\/CTA-300x155.png 300w, https:\/\/ossp.cm\/wp-content\/uploads\/2024\/11\/CTA-1024x528.png 1024w, https:\/\/ossp.cm\/wp-content\/uploads\/2024\/11\/CTA-768x396.png 768w, https:\/\/ossp.cm\/wp-content\/uploads\/2024\/11\/CTA-18x9.png 18w\" sizes=\"(max-width: 1535px) 100vw, 1535px\" \/>\t\t\t\t\t\t\t\t\t\t<\/div>\n\t\t\t\t\t\t\t\t\t\t\t\t\t\t\t\t\t<\/div>\n\t\t\t\t\t\t\t<\/div>\n\t\t\t\t\t\t<\/div>\n\t\t\t\t\t\t\t\t\t\t\t<div class=\"elementskit-client-slider-item swiper-slide\">\n\t\t\t\t\t\t\t<div class=\"swiper-slide-inner\">\n\t\t\t\t\t\t\t\t<div class=\"single-client image-switcher\" title=\"ANOR\">\n\t\t\t\t\t\t\t\t\t\t\t\t\t\t\t\t\t\t\t<a href=\"https:\/\/www.anor.cm\/\">\n\t\t\t\t\t\t\t\t\t\t\t<span class=\"content-image\">\n\t\t\t\t\t\t\t\t\t\t\t\t<img loading=\"lazy\" decoding=\"async\" width=\"1534\" height=\"792\" src=\"https:\/\/ossp.cm\/wp-content\/uploads\/2024\/11\/ANOR.png\" class=\"\" alt=\"\" srcset=\"https:\/\/ossp.cm\/wp-content\/uploads\/2024\/11\/ANOR.png 1534w, https:\/\/ossp.cm\/wp-content\/uploads\/2024\/11\/ANOR-300x155.png 300w, https:\/\/ossp.cm\/wp-content\/uploads\/2024\/11\/ANOR-1024x529.png 1024w, https:\/\/ossp.cm\/wp-content\/uploads\/2024\/11\/ANOR-768x397.png 768w, https:\/\/ossp.cm\/wp-content\/uploads\/2024\/11\/ANOR-18x9.png 18w\" sizes=\"(max-width: 1534px) 100vw, 1534px\" \/>\t\t\t\t\t\t\t\t\t\t\t<\/span>\n\t\t\t\t\t\t\t\t\t\t<\/a>\n\t\t\t\t\t\t\t\t\t\t\t\t\t\t\t\t\t<\/div>\n\t\t\t\t\t\t\t<\/div>\n\t\t\t\t\t\t<\/div>\n\t\t\t\t\t\t\t\t\t<\/div>\n\n\t\t\t\t\n\t\t\t\t\t\t\t<\/div><!-- .elementskit-clients-slider END -->\n\t\t<\/div>\n\t\t<\/div>\t\t\t\t<\/div>\n\t\t\t\t<div class=\"elementor-element elementor-element-0867398 elementor-widget elementor-widget-spacer\" data-id=\"0867398\" data-element_type=\"widget\" data-e-type=\"widget\" data-widget_type=\"spacer.default\">\n\t\t\t\t\t\t\t<div class=\"elementor-spacer\">\n\t\t\t<div class=\"elementor-spacer-inner\"><\/div>\n\t\t<\/div>\n\t\t\t\t\t\t<\/div>\n\t\t\t\t\t<\/div>\n\t\t\t\t<\/div>\n\t\t<div class=\"elementor-element elementor-element-d024912 e-flex e-con-boxed e-con e-parent\" data-id=\"d024912\" data-element_type=\"container\" data-e-type=\"container\">\n\t\t\t\t\t<div class=\"e-con-inner\">\n\t\t<div class=\"elementor-element elementor-element-7ee0533 e-con-full e-flex e-con e-child\" data-id=\"7ee0533\" data-element_type=\"container\" data-e-type=\"container\">\n\t\t\t\t<div class=\"elementor-element elementor-element-6385219 elementor-widget elementor-widget-jkit_post_block\" data-id=\"6385219\" data-element_type=\"widget\" data-e-type=\"widget\" data-widget_type=\"jkit_post_block.default\">\n\t\t\t\t\t<div  class=\"jeg-elementor-kit jkit-postblock postblock-type-3 jkit-pagination-disable post-element jeg_module___69f76274a90cc\"  data-id=\"jeg_module___69f76274a90cc\" data-settings=\"{&quot;post_type&quot;:&quot;post&quot;,&quot;number_post&quot;:{&quot;unit&quot;:&quot;px&quot;,&quot;size&quot;:2,&quot;sizes&quot;:[]},&quot;post_offset&quot;:0,&quot;unique_content&quot;:&quot;disable&quot;,&quot;include_post&quot;:&quot;1532,1054&quot;,&quot;exclude_post&quot;:&quot;&quot;,&quot;include_category&quot;:&quot;&quot;,&quot;exclude_category&quot;:&quot;&quot;,&quot;include_author&quot;:&quot;&quot;,&quot;include_tag&quot;:&quot;&quot;,&quot;exclude_tag&quot;:&quot;&quot;,&quot;sort_by&quot;:&quot;latest&quot;,&quot;pagination_mode&quot;:&quot;disable&quot;,&quot;pagination_loadmore_text&quot;:&quot;Load More&quot;,&quot;pagination_loading_text&quot;:&quot;Loading...&quot;,&quot;pagination_number_post&quot;:{&quot;unit&quot;:&quot;px&quot;,&quot;size&quot;:3,&quot;sizes&quot;:[]},&quot;pagination_scroll_limit&quot;:0,&quot;pagination_icon&quot;:{&quot;value&quot;:&quot;&quot;,&quot;library&quot;:&quot;&quot;},&quot;pagination_icon_position&quot;:&quot;before&quot;,&quot;st_category_position&quot;:&quot;left&quot;,&quot;sg_content_postblock_type&quot;:&quot;type-3&quot;,&quot;sg_content_element_order&quot;:&quot;title,meta,excerpt,read&quot;,&quot;sg_content_breakpoint&quot;:&quot;tablet&quot;,&quot;sg_content_title_html_tag&quot;:&quot;h3&quot;,&quot;sg_content_category_enable&quot;:&quot;&quot;,&quot;sg_content_excerpt_enable&quot;:&quot;yes&quot;,&quot;sg_content_excerpt_length&quot;:{&quot;unit&quot;:&quot;px&quot;,&quot;size&quot;:17,&quot;sizes&quot;:[]},&quot;sg_content_excerpt_more&quot;:&quot;...&quot;,&quot;sg_content_readmore_enable&quot;:&quot;yes&quot;,&quot;sg_content_readmore_icon&quot;:{&quot;value&quot;:&quot;jki jki-arrow-right-solid&quot;,&quot;library&quot;:&quot;jkiticon&quot;},&quot;sg_content_readmore_icon_position&quot;:&quot;after&quot;,&quot;sg_content_readmore_text&quot;:&quot;Read More&quot;,&quot;sg_content_comment_enable&quot;:&quot;&quot;,&quot;sg_content_comment_icon&quot;:{&quot;value&quot;:&quot;fas fa-comment&quot;,&quot;library&quot;:&quot;fa-solid&quot;},&quot;sg_content_comment_icon_position&quot;:&quot;before&quot;,&quot;sg_content_meta_enable&quot;:&quot;&quot;,&quot;sg_content_meta_author_enable&quot;:&quot;yes&quot;,&quot;sg_content_meta_author_by_text&quot;:&quot;by&quot;,&quot;sg_content_meta_author_icon&quot;:{&quot;value&quot;:&quot;fas fa-user&quot;,&quot;library&quot;:&quot;fa-solid&quot;},&quot;sg_content_meta_author_icon_position&quot;:&quot;before&quot;,&quot;sg_content_meta_date_enable&quot;:&quot;yes&quot;,&quot;sg_content_meta_date_type&quot;:&quot;published&quot;,&quot;sg_content_meta_date_format&quot;:&quot;default&quot;,&quot;sg_content_meta_date_format_custom&quot;:&quot;F j, Y&quot;,&quot;sg_content_meta_date_icon&quot;:{&quot;value&quot;:&quot;fas fa-clock&quot;,&quot;library&quot;:&quot;fa-solid&quot;},&quot;sg_content_meta_date_icon_position&quot;:&quot;before&quot;,&quot;sg_content_image_size_imagesize_size&quot;:&quot;full&quot;,&quot;paged&quot;:1,&quot;class&quot;:&quot;jkit_post_block&quot;}\"><div class=\"jkit-block-container\"><div class=\"jkit-posts jkit-ajax-flag\">\n            <article class=\"jkit-post post-1532 post type-post status-publish format-standard has-post-thumbnail hentry category-actualites\">\n                    <div class=\"jkit-thumb\"><a aria-label=\"Cartographie des dispositifs nationaux de soutien au secteur priv\u00e9, notamment aux PME\/PMI\" href=\"https:\/\/ossp.cm\/en\/cartographie-des-dispositifs-nationaux-de-soutien-au-secteur-prive-notamment-aux-pme-pmi\/\"><div class=\"thumbnail-container\">\n            <img loading=\"lazy\" decoding=\"async\" width=\"9161\" height=\"5937\" src=\"https:\/\/ossp.cm\/wp-content\/uploads\/2025\/02\/Website-blog-image-1.png\" class=\"attachment-full size-full wp-post-image\" alt=\"\" srcset=\"https:\/\/ossp.cm\/wp-content\/uploads\/2025\/02\/Website-blog-image-1.png 9161w, https:\/\/ossp.cm\/wp-content\/uploads\/2025\/02\/Website-blog-image-1-300x194.png 300w, https:\/\/ossp.cm\/wp-content\/uploads\/2025\/02\/Website-blog-image-1-1024x664.png 1024w, https:\/\/ossp.cm\/wp-content\/uploads\/2025\/02\/Website-blog-image-1-768x498.png 768w, https:\/\/ossp.cm\/wp-content\/uploads\/2025\/02\/Website-blog-image-1-1536x995.png 1536w, https:\/\/ossp.cm\/wp-content\/uploads\/2025\/02\/Website-blog-image-1-2048x1327.png 2048w\" sizes=\"auto, (max-width: 9161px) 100vw, 9161px\" \/>\n        <\/div><\/a><\/div>\n                    <div class=\"jkit-postblock-content\"><h3 class=\"jkit-post-title\">\n\t\t\t\t\t\t\t<a href=\"https:\/\/ossp.cm\/en\/cartographie-des-dispositifs-nationaux-de-soutien-au-secteur-prive-notamment-aux-pme-pmi\/\">Cartographie des dispositifs nationaux de soutien au secteur priv\u00e9, notamment aux PME\/PMI<\/a>\n\t\t\t\t\t\t<\/h3><div class=\"jkit-post-excerpt\"><p>Cette cartographie vise \u00e0 recenser et analyser l\u2019ensemble des dispositifs existants pour accompagner le d\u00e9veloppement du secteur...<\/p><\/div><div class=\"jkit-post-meta-bottom\">\n\t\t\t\t\t\t\t<div class=\"jkit-meta-readmore icon-position-after\">\n                <a title=\"Cartographie des dispositifs nationaux de soutien au secteur priv\u00e9, notamment aux PME\/PMI\" href=\"https:\/\/ossp.cm\/en\/cartographie-des-dispositifs-nationaux-de-soutien-au-secteur-prive-notamment-aux-pme-pmi\/\" class=\"jkit-readmore\">Read More<i aria-hidden=\"true\" class=\"jki jki-arrow-right-solid\"><\/i><\/a>\n            <\/div>\n\t\t\t\t\t\t<\/div><\/div>\n                <\/article><article class=\"jkit-post post-1054 post type-post status-publish format-standard has-post-thumbnail hentry category-evenements\">\n                    <div class=\"jkit-thumb\"><a aria-label=\"Concertations with women entrepreneurs in Regional capitals\" href=\"https:\/\/ossp.cm\/en\/concertations-with-women-entrepreneurs-in-regional-capitals\/\"><div class=\"thumbnail-container\">\n            <img loading=\"lazy\" decoding=\"async\" width=\"1693\" height=\"1444\" src=\"https:\/\/ossp.cm\/wp-content\/uploads\/2024\/11\/OSSP-CMR-objectif.jpg\" class=\"attachment-full size-full wp-post-image\" alt=\"\" srcset=\"https:\/\/ossp.cm\/wp-content\/uploads\/2024\/11\/OSSP-CMR-objectif.jpg 1693w, https:\/\/ossp.cm\/wp-content\/uploads\/2024\/11\/OSSP-CMR-objectif-300x256.jpg 300w, https:\/\/ossp.cm\/wp-content\/uploads\/2024\/11\/OSSP-CMR-objectif-1024x873.jpg 1024w, https:\/\/ossp.cm\/wp-content\/uploads\/2024\/11\/OSSP-CMR-objectif-768x655.jpg 768w, https:\/\/ossp.cm\/wp-content\/uploads\/2024\/11\/OSSP-CMR-objectif-1536x1310.jpg 1536w, https:\/\/ossp.cm\/wp-content\/uploads\/2024\/11\/OSSP-CMR-objectif-14x12.jpg 14w\" sizes=\"auto, (max-width: 1693px) 100vw, 1693px\" \/>\n        <\/div><\/a><\/div>\n                    <div class=\"jkit-postblock-content\"><h3 class=\"jkit-post-title\">\n\t\t\t\t\t\t\t<a href=\"https:\/\/ossp.cm\/en\/concertations-with-women-entrepreneurs-in-regional-capitals\/\">Concertations with women entrepreneurs in Regional capitals<\/a>\n\t\t\t\t\t\t<\/h3><div class=\"jkit-post-excerpt\"><p>L'OSSP-CMR s'est engag\u00e9 \u00e0 favoriser la croissance \u00e9conomique et l'autonomisation des femmes entrepreneurs au Cameroun. Dans le...<\/p><\/div><div class=\"jkit-post-meta-bottom\">\n\t\t\t\t\t\t\t<div class=\"jkit-meta-readmore icon-position-after\">\n                <a title=\"Concertations with women entrepreneurs in Regional capitals\" href=\"https:\/\/ossp.cm\/en\/concertations-with-women-entrepreneurs-in-regional-capitals\/\" class=\"jkit-readmore\">Read More<i aria-hidden=\"true\" class=\"jki jki-arrow-right-solid\"><\/i><\/a>\n            <\/div>\n\t\t\t\t\t\t<\/div><\/div>\n                <\/article>\n        <\/div><\/div><\/div>\t\t\t\t<\/div>\n\t\t\t\t<\/div>\n\t\t\t\t\t<\/div>\n\t\t\t\t<\/div>\n\t\t\t\t<\/div>","protected":false},"excerpt":{"rendered":"<p>Accroissement de la productivit\u00e9 et de la r\u00e9silience des PME Les interventions consistent \u00e0 renforcer la comp\u00e9titivit\u00e9 et la r\u00e9silience des PME en agissant sur plusieurs leviers : le d\u00e9veloppement des capacit\u00e9s (manag\u00e9riales, technologiques, digitales et de branding), la mise \u00e0 disposition d&rsquo;\u00e9quipements et d&rsquo;outils de production, le soutien \u00e0 la participation aux foires nationales [&hellip;]<\/p>\n","protected":false},"author":1,"featured_media":0,"parent":0,"menu_order":0,"comment_status":"closed","ping_status":"closed","template":"","meta":{"footnotes":""},"class_list":["post-1991","page","type-page","status-publish","hentry"],"_links":{"self":[{"href":"https:\/\/ossp.cm\/en\/wp-json\/wp\/v2\/pages\/1991","targetHints":{"allow":["GET"]}}],"collection":[{"href":"https:\/\/ossp.cm\/en\/wp-json\/wp\/v2\/pages"}],"about":[{"href":"https:\/\/ossp.cm\/en\/wp-json\/wp\/v2\/types\/page"}],"author":[{"embeddable":true,"href":"https:\/\/ossp.cm\/en\/wp-json\/wp\/v2\/users\/1"}],"replies":[{"embeddable":true,"href":"https:\/\/ossp.cm\/en\/wp-json\/wp\/v2\/comments?post=1991"}],"version-history":[{"count":25,"href":"https:\/\/ossp.cm\/en\/wp-json\/wp\/v2\/pages\/1991\/revisions"}],"predecessor-version":[{"id":2254,"href":"https:\/\/ossp.cm\/en\/wp-json\/wp\/v2\/pages\/1991\/revisions\/2254"}],"wp:attachment":[{"href":"https:\/\/ossp.cm\/en\/wp-json\/wp\/v2\/media?parent=1991"}],"curies":[{"name":"wp","href":"https:\/\/api.w.org\/{rel}","templated":true}]}}