{"id":897,"date":"2024-11-19T16:26:37","date_gmt":"2024-11-19T16:26:37","guid":{"rendered":"https:\/\/ossp.cm\/?page_id=897"},"modified":"2025-12-13T18:22:51","modified_gmt":"2025-12-13T18:22:51","slug":"les-entrepreneurs","status":"publish","type":"page","link":"https:\/\/ossp.cm\/en\/les-entrepreneurs\/","title":{"rendered":"The Entrepreneurs"},"content":{"rendered":"<style>.elementor-897 .elementor-element.elementor-element-595864b > .elementor-container{max-width:1240px;}.elementor-897 .elementor-element.elementor-element-595864b{padding:20px 0px 40px 0px;}.elementor-897 .elementor-element.elementor-element-32eb43ab:not(.elementor-motion-effects-element-type-background) > .elementor-widget-wrap, .elementor-897 .elementor-element.elementor-element-32eb43ab > .elementor-widget-wrap > .elementor-motion-effects-container > .elementor-motion-effects-layer{background-image:url(\"https:\/\/ossp.cm\/wp-content\/uploads\/2025\/07\/WhatsApp-Image-2024-12-19-a-15.34.22_31f1bb2b.jpg\");background-position:0px -165px;background-repeat:no-repeat;background-size:cover;}.elementor-897 .elementor-element.elementor-element-32eb43ab > .elementor-element-populated >  .elementor-background-overlay{background-color:transparent;background-image:linear-gradient(90deg, var( --e-global-color-primary ) 21%, #F2295B00 88%);opacity:0.55;}.elementor-897 .elementor-element.elementor-element-32eb43ab > .elementor-element-populated, .elementor-897 .elementor-element.elementor-element-32eb43ab > .elementor-element-populated > .elementor-background-overlay, .elementor-897 .elementor-element.elementor-element-32eb43ab > .elementor-background-slideshow{border-radius:20px 20px 20px 20px;}.elementor-897 .elementor-element.elementor-element-32eb43ab > .elementor-element-populated{transition:background 0.3s, border 0.3s, border-radius 0.3s, box-shadow 0.3s;margin:0% 0% 0% 0%;--e-column-margin-right:0%;--e-column-margin-left:0%;padding:100px 30px 100px 30px;}.elementor-897 .elementor-element.elementor-element-32eb43ab > .elementor-element-populated > .elementor-background-overlay{transition:background 0.3s, border-radius 0.3s, opacity 0.3s;}.elementor-897 .elementor-element.elementor-element-4662b4b .elementor-heading-title{font-family:var( --e-global-typography-cee2c7a-font-family ), Sans-serif;font-size:var( --e-global-typography-cee2c7a-font-size );font-weight:var( --e-global-typography-cee2c7a-font-weight );line-height:var( --e-global-typography-cee2c7a-line-height );letter-spacing:var( --e-global-typography-cee2c7a-letter-spacing );word-spacing:var( --e-global-typography-cee2c7a-word-spacing );color:#FFFFFF;}.elementor-897 .elementor-element.elementor-element-4662b4b{margin:0% 50% calc(var(--kit-widget-spacing, 0px) + 0%) 0%;padding:56px 0px 22px 0px;}.elementor-897 .elementor-element.elementor-element-c3b6a38{--display:flex;--flex-direction:column;--container-widget-width:100%;--container-widget-height:initial;--container-widget-flex-grow:0;--container-widget-align-self:initial;--flex-wrap-mobile:wrap;}.elementor-897 .elementor-element.elementor-element-d81c2bf{--spacer-size:25px;}.elementor-897 .elementor-element.elementor-element-5f46796 .jeg-elementor-kit.jkit-postblock .jkit-posts{grid-template-columns:repeat(3, minmax(0, 1fr));grid-column-gap:40px;}.elementor-897 .elementor-element.elementor-element-5f46796 .jeg-elementor-kit.jkit-postblock .jkit-thumb .thumbnail-container{height:300px;}.elementor-897 .elementor-element.elementor-element-5f46796 .jeg-elementor-kit.jkit-postblock .jkit-postblock-content{text-align:left;}.elementor-897 .elementor-element.elementor-element-5f46796 .jeg-elementor-kit.jkit-postblock .jkit-meta-readmore.icon-position-before i, .elementor-897 .elementor-element.elementor-element-5f46796 .jeg-elementor-kit.jkit-postblock .jkit-meta-readmore.icon-position-before svg{margin-right:5px;}.elementor-897 .elementor-element.elementor-element-5f46796 .jeg-elementor-kit.jkit-postblock .jkit-meta-readmore.icon-position-after i, .elementor-897 .elementor-element.elementor-element-5f46796 .jeg-elementor-kit.jkit-postblock .jkit-meta-readmore.icon-position-after svg{margin-left:5px;}.elementor-897 .elementor-element.elementor-element-5f46796 .jeg-elementor-kit.jkit-postblock .jkit-readmore{background-color:#004E7C;color:#FFFFFF;border-radius:133px 133px 133px 133px;}.elementor-897 .elementor-element.elementor-element-5f46796 .jeg-elementor-kit.jkit-postblock .jkit-readmore svg{fill:#FFFFFF;}.elementor-897 .elementor-element.elementor-element-5f46796 .jeg-elementor-kit.jkit-postblock .jkit-meta-comment.icon-position-before i, .elementor-897 .elementor-element.elementor-element-5f46796 .jeg-elementor-kit.jkit-postblock .jkit-meta-comment.icon-position-before svg{margin-right:5px;}.elementor-897 .elementor-element.elementor-element-5f46796 .jeg-elementor-kit.jkit-postblock .jkit-meta-comment.icon-position-after i, .elementor-897 .elementor-element.elementor-element-5f46796 .jeg-elementor-kit.jkit-postblock .jkit-meta-comment.icon-position-after svg{margin-left:5px;}.elementor-897 .elementor-element.elementor-element-5f46796 .jeg-elementor-kit.jkit-postblock .jkit-meta-author.icon-position-before i, .elementor-897 .elementor-element.elementor-element-5f46796 .jeg-elementor-kit.jkit-postblock .jkit-meta-author.icon-position-before svg{margin-right:5px;}.elementor-897 .elementor-element.elementor-element-5f46796 .jeg-elementor-kit.jkit-postblock .jkit-meta-author.icon-position-after i, .elementor-897 .elementor-element.elementor-element-5f46796 .jeg-elementor-kit.jkit-postblock .jkit-meta-author.icon-position-after svg{margin-left:5px;}.elementor-897 .elementor-element.elementor-element-5f46796 .jeg-elementor-kit.jkit-postblock .jkit-meta-date.icon-position-before i, .elementor-897 .elementor-element.elementor-element-5f46796 .jeg-elementor-kit.jkit-postblock .jkit-meta-date.icon-position-before svg{margin-right:5px;}.elementor-897 .elementor-element.elementor-element-5f46796 .jeg-elementor-kit.jkit-postblock .jkit-meta-date.icon-position-after i, .elementor-897 .elementor-element.elementor-element-5f46796 .jeg-elementor-kit.jkit-postblock .jkit-meta-date.icon-position-after svg{margin-left:5px;}.elementor-897 .elementor-element.elementor-element-5f46796 .jeg-elementor-kit.jkit-postblock .jkit-post-meta-bottom{justify-content:space-between;}.elementor-897 .elementor-element.elementor-element-5f46796 .jeg-elementor-kit.jkit-postblock .jeg_empty_module{text-align:left;}:root{--page-title-display:none;}@media(max-width:1024px){.elementor-897 .elementor-element.elementor-element-595864b{padding:20px 20px 40px 20px;}.elementor-897 .elementor-element.elementor-element-32eb43ab:not(.elementor-motion-effects-element-type-background) > .elementor-widget-wrap, .elementor-897 .elementor-element.elementor-element-32eb43ab > .elementor-widget-wrap > .elementor-motion-effects-container > .elementor-motion-effects-layer{background-position:0px 0px;}.elementor-897 .elementor-element.elementor-element-4662b4b .elementor-heading-title{font-size:var( --e-global-typography-cee2c7a-font-size );line-height:var( --e-global-typography-cee2c7a-line-height );letter-spacing:var( --e-global-typography-cee2c7a-letter-spacing );word-spacing:var( --e-global-typography-cee2c7a-word-spacing );}.elementor-897 .elementor-element.elementor-element-4662b4b{margin:0% 20% calc(var(--kit-widget-spacing, 0px) + 0%) 0%;}.elementor-897 .elementor-element.elementor-element-5f46796 .jeg-elementor-kit.jkit-postblock .jkit-posts{grid-template-columns:repeat(1, minmax(0, 1fr));}}@media(max-width:767px){.elementor-897 .elementor-element.elementor-element-595864b{padding:20px 10px 40px 10px;}.elementor-897 .elementor-element.elementor-element-32eb43ab:not(.elementor-motion-effects-element-type-background) > .elementor-widget-wrap, .elementor-897 .elementor-element.elementor-element-32eb43ab > .elementor-widget-wrap > .elementor-motion-effects-container > .elementor-motion-effects-layer{background-position:0px 0px;}.elementor-897 .elementor-element.elementor-element-32eb43ab > .elementor-element-populated{padding:120px 20px 20px 20px;}.elementor-897 .elementor-element.elementor-element-4662b4b .elementor-heading-title{font-size:var( --e-global-typography-cee2c7a-font-size );line-height:var( --e-global-typography-cee2c7a-line-height );letter-spacing:var( --e-global-typography-cee2c7a-letter-spacing );word-spacing:var( --e-global-typography-cee2c7a-word-spacing );}.elementor-897 .elementor-element.elementor-element-4662b4b{margin:0% 0% calc(var(--kit-widget-spacing, 0px) + 0%) 0%;}}<\/style>\t\t<div data-elementor-type=\"wp-page\" data-elementor-id=\"897\" class=\"elementor elementor-897\">\n\t\t\t\t\t\t<section class=\"elementor-section elementor-top-section elementor-element elementor-element-595864b elementor-section-boxed elementor-section-height-default elementor-section-height-default\" data-id=\"595864b\" data-element_type=\"section\" data-e-type=\"section\">\n\t\t\t\t\t\t<div class=\"elementor-container elementor-column-gap-no\">\n\t\t\t\t\t<div class=\"elementor-column elementor-col-100 elementor-top-column elementor-element elementor-element-32eb43ab\" data-id=\"32eb43ab\" data-element_type=\"column\" data-e-type=\"column\" data-settings=\"{&quot;background_background&quot;:&quot;classic&quot;}\">\n\t\t\t<div class=\"elementor-widget-wrap elementor-element-populated\">\n\t\t\t\t\t<div class=\"elementor-background-overlay\"><\/div>\n\t\t\t\t\t\t<div class=\"elementor-element elementor-element-4662b4b elementor-widget elementor-widget-heading\" data-id=\"4662b4b\" data-element_type=\"widget\" data-e-type=\"widget\" data-widget_type=\"heading.default\">\n\t\t\t\t\t<h2 class=\"elementor-heading-title elementor-size-default\">LES ENTREPRENEURS<\/h2>\t\t\t\t<\/div>\n\t\t\t\t\t<\/div>\n\t\t<\/div>\n\t\t\t\t\t<\/div>\n\t\t<\/section>\n\t\t<div class=\"elementor-element elementor-element-c3b6a38 e-flex e-con-boxed e-con e-parent\" data-id=\"c3b6a38\" data-element_type=\"container\" data-e-type=\"container\">\n\t\t\t\t\t<div class=\"e-con-inner\">\n\t\t\t\t<div class=\"elementor-element elementor-element-d81c2bf elementor-widget elementor-widget-spacer\" data-id=\"d81c2bf\" data-element_type=\"widget\" data-e-type=\"widget\" data-widget_type=\"spacer.default\">\n\t\t\t\t\t\t\t<div class=\"elementor-spacer\">\n\t\t\t<div class=\"elementor-spacer-inner\"><\/div>\n\t\t<\/div>\n\t\t\t\t\t\t<\/div>\n\t\t\t\t<div class=\"elementor-element elementor-element-5f46796 elementor-widget elementor-widget-jkit_post_block\" data-id=\"5f46796\" data-element_type=\"widget\" data-e-type=\"widget\" data-widget_type=\"jkit_post_block.default\">\n\t\t\t\t\t<div  class=\"jeg-elementor-kit jkit-postblock postblock-type-3 jkit-pagination-disable post-element jeg_module___69e8cc24b7151\"  data-id=\"jeg_module___69e8cc24b7151\" data-settings=\"{&quot;post_type&quot;:&quot;post&quot;,&quot;number_post&quot;:{&quot;unit&quot;:&quot;px&quot;,&quot;size&quot;:3,&quot;sizes&quot;:[]},&quot;post_offset&quot;:0,&quot;unique_content&quot;:&quot;disable&quot;,&quot;include_post&quot;:&quot;&quot;,&quot;exclude_post&quot;:&quot;&quot;,&quot;include_category&quot;:&quot;22&quot;,&quot;exclude_category&quot;:&quot;19,17,21,1&quot;,&quot;include_author&quot;:&quot;&quot;,&quot;include_tag&quot;:&quot;&quot;,&quot;exclude_tag&quot;:&quot;&quot;,&quot;sort_by&quot;:&quot;latest&quot;,&quot;pagination_mode&quot;:&quot;disable&quot;,&quot;pagination_loadmore_text&quot;:&quot;Load More&quot;,&quot;pagination_loading_text&quot;:&quot;Loading...&quot;,&quot;pagination_number_post&quot;:{&quot;unit&quot;:&quot;px&quot;,&quot;size&quot;:3,&quot;sizes&quot;:[]},&quot;pagination_scroll_limit&quot;:0,&quot;pagination_icon&quot;:{&quot;value&quot;:&quot;&quot;,&quot;library&quot;:&quot;&quot;},&quot;pagination_icon_position&quot;:&quot;before&quot;,&quot;st_category_position&quot;:&quot;center&quot;,&quot;sg_content_postblock_type&quot;:&quot;type-3&quot;,&quot;sg_content_element_order&quot;:&quot;title,meta,excerpt,read&quot;,&quot;sg_content_breakpoint&quot;:&quot;tablet&quot;,&quot;sg_content_title_html_tag&quot;:&quot;h3&quot;,&quot;sg_content_category_enable&quot;:&quot;yes&quot;,&quot;sg_content_excerpt_enable&quot;:&quot;yes&quot;,&quot;sg_content_excerpt_length&quot;:{&quot;unit&quot;:&quot;px&quot;,&quot;size&quot;:20,&quot;sizes&quot;:[]},&quot;sg_content_excerpt_more&quot;:&quot;...&quot;,&quot;sg_content_readmore_enable&quot;:&quot;yes&quot;,&quot;sg_content_readmore_icon&quot;:{&quot;value&quot;:&quot;&quot;,&quot;library&quot;:&quot;&quot;},&quot;sg_content_readmore_icon_position&quot;:&quot;after&quot;,&quot;sg_content_readmore_text&quot;:&quot;Lire plus&quot;,&quot;sg_content_comment_enable&quot;:&quot;yes&quot;,&quot;sg_content_comment_icon&quot;:{&quot;value&quot;:&quot;fas fa-comment&quot;,&quot;library&quot;:&quot;fa-solid&quot;},&quot;sg_content_comment_icon_position&quot;:&quot;before&quot;,&quot;sg_content_meta_enable&quot;:&quot;yes&quot;,&quot;sg_content_meta_author_enable&quot;:&quot;&quot;,&quot;sg_content_meta_author_by_text&quot;:&quot;par&quot;,&quot;sg_content_meta_author_icon&quot;:{&quot;value&quot;:&quot;fas fa-user&quot;,&quot;library&quot;:&quot;fa-solid&quot;},&quot;sg_content_meta_author_icon_position&quot;:&quot;before&quot;,&quot;sg_content_meta_date_enable&quot;:&quot;yes&quot;,&quot;sg_content_meta_date_type&quot;:&quot;published&quot;,&quot;sg_content_meta_date_format&quot;:&quot;default&quot;,&quot;sg_content_meta_date_format_custom&quot;:&quot;F j, Y&quot;,&quot;sg_content_meta_date_icon&quot;:{&quot;value&quot;:&quot;fas fa-clock&quot;,&quot;library&quot;:&quot;fa-solid&quot;},&quot;sg_content_meta_date_icon_position&quot;:&quot;before&quot;,&quot;sg_content_image_size_imagesize_size&quot;:&quot;medium&quot;,&quot;paged&quot;:1,&quot;class&quot;:&quot;jkit_post_block&quot;}\"><div class=\"jkit-block-container\"><div class=\"jkit-posts jkit-ajax-flag\">\n            <article class=\"jkit-post post-2367 post type-post status-publish format-standard has-post-thumbnail hentry category-les-entrepreneurs\">\n                    <div class=\"jkit-thumb\"><a aria-label=\"COMMUNIQUE DE PRESSE OSSP_CMR MARS 2026\" href=\"https:\/\/ossp.cm\/en\/communique-de-presse-ossp_cmr-mars-2026\/\"><div class=\"thumbnail-container\">\n            <img loading=\"lazy\" decoding=\"async\" width=\"300\" height=\"221\" src=\"https:\/\/ossp.cm\/wp-content\/uploads\/2026\/03\/Screenshot-2026-03-08-at-14.26.55-300x221.png\" class=\"attachment-medium size-medium wp-post-image\" alt=\"\" srcset=\"https:\/\/ossp.cm\/wp-content\/uploads\/2026\/03\/Screenshot-2026-03-08-at-14.26.55-300x221.png 300w, https:\/\/ossp.cm\/wp-content\/uploads\/2026\/03\/Screenshot-2026-03-08-at-14.26.55-1024x755.png 1024w, https:\/\/ossp.cm\/wp-content\/uploads\/2026\/03\/Screenshot-2026-03-08-at-14.26.55-768x566.png 768w, https:\/\/ossp.cm\/wp-content\/uploads\/2026\/03\/Screenshot-2026-03-08-at-14.26.55-1536x1133.png 1536w, https:\/\/ossp.cm\/wp-content\/uploads\/2026\/03\/Screenshot-2026-03-08-at-14.26.55-16x12.png 16w, https:\/\/ossp.cm\/wp-content\/uploads\/2026\/03\/Screenshot-2026-03-08-at-14.26.55.png 1814w\" sizes=\"auto, (max-width: 300px) 100vw, 300px\" \/>\n        <\/div><\/a><div class=\"jkit-post-category position-center\"><span><a href=\"https:\/\/ossp.cm\/en\/category\/les-entrepreneurs\/\" class=\"category-les-entrepreneurs\">les entrepreneurs<\/a><\/span><\/div><\/div>\n                    <div class=\"jkit-postblock-content\"><h3 class=\"jkit-post-title\">\n\t\t\t\t\t\t\t<a href=\"https:\/\/ossp.cm\/en\/communique-de-presse-ossp_cmr-mars-2026\/\">COMMUNIQUE DE PRESSE OSSP_CMR MARS 2026<\/a>\n\t\t\t\t\t\t<\/h3><div class=\"jkit-post-meta\"><div class=\"jkit-meta-date icon-position-before\"><svg aria-hidden=\"true\" class=\"e-font-icon-svg e-fas-clock\" viewbox=\"0 0 512 512\" xmlns=\"http:\/\/www.w3.org\/2000\/svg\"><path d=\"M256,8C119,8,8,119,8,256S119,504,256,504,504,393,504,256,393,8,256,8Zm92.49,313h0l-20,25a16,16,0,0,1-22.49,2.5h0l-67-49.72a40,40,0,0,1-15-31.23V112a16,16,0,0,1,16-16h32a16,16,0,0,1,16,16V256l58,42.5A16,16,0,0,1,348.49,321Z\"><\/path><\/svg>March 24, 2026<\/div><\/div><div class=\"jkit-post-excerpt\"><p>Le Coordonnateur National du Projet \u00ab Op\u00e9ration de Soutien au Secteur Priv\u00e9Camerounais affect\u00e9 par l a pand\u00e9mie d e la...<\/p><\/div><div class=\"jkit-post-meta-bottom\">\n\t\t\t\t\t\t\t<div class=\"jkit-meta-readmore icon-position-after\">\n                <a title=\"COMMUNIQUE DE PRESSE OSSP_CMR MARS 2026\" href=\"https:\/\/ossp.cm\/en\/communique-de-presse-ossp_cmr-mars-2026\/\" class=\"jkit-readmore\">Read more<\/a>\n            <\/div><div class=\"jkit-meta-comment icon-position-before\">\n                <a href=\"https:\/\/ossp.cm\/en\/communique-de-presse-ossp_cmr-mars-2026\/#respond\" >\n                    <svg aria-hidden=\"true\" class=\"e-font-icon-svg e-fas-comment\" viewbox=\"0 0 512 512\" xmlns=\"http:\/\/www.w3.org\/2000\/svg\"><path d=\"M256 32C114.6 32 0 125.1 0 240c0 49.6 21.4 95 57 130.7C44.5 421.1 2.7 466 2.2 466.5c-2.2 2.3-2.8 5.7-1.5 8.7S4.8 480 8 480c66.3 0 116-31.8 140.6-51.4 32.7 12.3 69 19.4 107.4 19.4 141.4 0 256-93.1 256-208S397.4 32 256 32z\"><\/path><\/svg><span>0<\/span>\n                <\/a>\n            <\/div>\n\t\t\t\t\t\t<\/div><\/div>\n                <\/article><article class=\"jkit-post post-2334 post type-post status-publish format-standard has-post-thumbnail hentry category-les-entrepreneurs\">\n                    <div class=\"jkit-thumb\"><a aria-label=\"AMI_S\u00e9lection 100 PME pour la certification de leurs produits\" href=\"https:\/\/ossp.cm\/en\/ami_selection-100-pme-pour-la-certification-de-leurs-produits\/\"><div class=\"thumbnail-container\">\n            <img loading=\"lazy\" decoding=\"async\" width=\"300\" height=\"221\" src=\"https:\/\/ossp.cm\/wp-content\/uploads\/2026\/03\/Screenshot-2026-03-08-at-14.26.55-300x221.png\" class=\"attachment-medium size-medium wp-post-image\" alt=\"\" srcset=\"https:\/\/ossp.cm\/wp-content\/uploads\/2026\/03\/Screenshot-2026-03-08-at-14.26.55-300x221.png 300w, https:\/\/ossp.cm\/wp-content\/uploads\/2026\/03\/Screenshot-2026-03-08-at-14.26.55-1024x755.png 1024w, https:\/\/ossp.cm\/wp-content\/uploads\/2026\/03\/Screenshot-2026-03-08-at-14.26.55-768x566.png 768w, https:\/\/ossp.cm\/wp-content\/uploads\/2026\/03\/Screenshot-2026-03-08-at-14.26.55-1536x1133.png 1536w, https:\/\/ossp.cm\/wp-content\/uploads\/2026\/03\/Screenshot-2026-03-08-at-14.26.55-16x12.png 16w, https:\/\/ossp.cm\/wp-content\/uploads\/2026\/03\/Screenshot-2026-03-08-at-14.26.55.png 1814w\" sizes=\"auto, (max-width: 300px) 100vw, 300px\" \/>\n        <\/div><\/a><div class=\"jkit-post-category position-center\"><span><a href=\"https:\/\/ossp.cm\/en\/category\/les-entrepreneurs\/\" class=\"category-les-entrepreneurs\">les entrepreneurs<\/a><\/span><\/div><\/div>\n                    <div class=\"jkit-postblock-content\"><h3 class=\"jkit-post-title\">\n\t\t\t\t\t\t\t<a href=\"https:\/\/ossp.cm\/en\/ami_selection-100-pme-pour-la-certification-de-leurs-produits\/\">AMI_S\u00e9lection 100 PME pour la certification de leurs produits<\/a>\n\t\t\t\t\t\t<\/h3><div class=\"jkit-post-meta\"><div class=\"jkit-meta-date icon-position-before\"><svg aria-hidden=\"true\" class=\"e-font-icon-svg e-fas-clock\" viewbox=\"0 0 512 512\" xmlns=\"http:\/\/www.w3.org\/2000\/svg\"><path d=\"M256,8C119,8,8,119,8,256S119,504,256,504,504,393,504,256,393,8,256,8Zm92.49,313h0l-20,25a16,16,0,0,1-22.49,2.5h0l-67-49.72a40,40,0,0,1-15-31.23V112a16,16,0,0,1,16-16h32a16,16,0,0,1,16,16V256l58,42.5A16,16,0,0,1,348.49,321Z\"><\/path><\/svg>March 8, 2026<\/div><\/div><div class=\"jkit-post-excerpt\"><p>Dans le cadre de la mise en \u0153uvre du Projet \u00ab Op\u00e9ration de Soutien au SecteurPriv\u00e9 Camerounais affect\u00e9 par la...<\/p><\/div><div class=\"jkit-post-meta-bottom\">\n\t\t\t\t\t\t\t<div class=\"jkit-meta-readmore icon-position-after\">\n                <a title=\"AMI_S\u00e9lection 100 PME pour la certification de leurs produits\" href=\"https:\/\/ossp.cm\/en\/ami_selection-100-pme-pour-la-certification-de-leurs-produits\/\" class=\"jkit-readmore\">Read more<\/a>\n            <\/div><div class=\"jkit-meta-comment icon-position-before\">\n                <a href=\"https:\/\/ossp.cm\/en\/ami_selection-100-pme-pour-la-certification-de-leurs-produits\/#respond\" >\n                    <svg aria-hidden=\"true\" class=\"e-font-icon-svg e-fas-comment\" viewbox=\"0 0 512 512\" xmlns=\"http:\/\/www.w3.org\/2000\/svg\"><path d=\"M256 32C114.6 32 0 125.1 0 240c0 49.6 21.4 95 57 130.7C44.5 421.1 2.7 466 2.2 466.5c-2.2 2.3-2.8 5.7-1.5 8.7S4.8 480 8 480c66.3 0 116-31.8 140.6-51.4 32.7 12.3 69 19.4 107.4 19.4 141.4 0 256-93.1 256-208S397.4 32 256 32z\"><\/path><\/svg><span>0<\/span>\n                <\/a>\n            <\/div>\n\t\t\t\t\t\t<\/div><\/div>\n                <\/article><article class=\"jkit-post post-2066 post type-post status-publish format-standard has-post-thumbnail hentry category-les-entrepreneurs\">\n                    <div class=\"jkit-thumb\"><a aria-label=\"Ligne de cr\u00e9dit \u2013 30 entreprises financ\u00e9es\" href=\"https:\/\/ossp.cm\/en\/ligne-de-credit-30-entreprises-financees\/\"><div class=\"thumbnail-container\">\n            <img loading=\"lazy\" decoding=\"async\" width=\"300\" height=\"194\" src=\"https:\/\/ossp.cm\/wp-content\/uploads\/2025\/02\/Website-blog-image-2-300x194.png\" class=\"attachment-medium size-medium wp-post-image\" alt=\"\" srcset=\"https:\/\/ossp.cm\/wp-content\/uploads\/2025\/02\/Website-blog-image-2-300x194.png 300w, https:\/\/ossp.cm\/wp-content\/uploads\/2025\/02\/Website-blog-image-2-1024x664.png 1024w, https:\/\/ossp.cm\/wp-content\/uploads\/2025\/02\/Website-blog-image-2-768x498.png 768w, https:\/\/ossp.cm\/wp-content\/uploads\/2025\/02\/Website-blog-image-2-1536x995.png 1536w, https:\/\/ossp.cm\/wp-content\/uploads\/2025\/02\/Website-blog-image-2-2048x1327.png 2048w\" sizes=\"auto, (max-width: 300px) 100vw, 300px\" \/>\n        <\/div><\/a><div class=\"jkit-post-category position-center\"><span><a href=\"https:\/\/ossp.cm\/en\/category\/les-entrepreneurs\/\" class=\"category-les-entrepreneurs\">les entrepreneurs<\/a><\/span><\/div><\/div>\n                    <div class=\"jkit-postblock-content\"><h3 class=\"jkit-post-title\">\n\t\t\t\t\t\t\t<a href=\"https:\/\/ossp.cm\/en\/ligne-de-credit-30-entreprises-financees\/\">Ligne de cr\u00e9dit \u2013 30 entreprises financ\u00e9es<\/a>\n\t\t\t\t\t\t<\/h3><div class=\"jkit-post-meta\"><div class=\"jkit-meta-date icon-position-before\"><svg aria-hidden=\"true\" class=\"e-font-icon-svg e-fas-clock\" viewbox=\"0 0 512 512\" xmlns=\"http:\/\/www.w3.org\/2000\/svg\"><path d=\"M256,8C119,8,8,119,8,256S119,504,256,504,504,393,504,256,393,8,256,8Zm92.49,313h0l-20,25a16,16,0,0,1-22.49,2.5h0l-67-49.72a40,40,0,0,1-15-31.23V112a16,16,0,0,1,16-16h32a16,16,0,0,1,16,16V256l58,42.5A16,16,0,0,1,348.49,321Z\"><\/path><\/svg>December 13, 2025<\/div><\/div><div class=\"jkit-post-excerpt\"><p>L\u2019acc\u00e8s au financement demeure un d\u00e9fi majeur pour les PME. OSSP-CMR y a r\u00e9pondu en facilitant l\u2019acc\u00e8s \u00e0 des lignes...<\/p><\/div><div class=\"jkit-post-meta-bottom\">\n\t\t\t\t\t\t\t<div class=\"jkit-meta-readmore icon-position-after\">\n                <a title=\"Ligne de cr\u00e9dit \u2013 30 entreprises financ\u00e9es\" href=\"https:\/\/ossp.cm\/en\/ligne-de-credit-30-entreprises-financees\/\" class=\"jkit-readmore\">Read more<\/a>\n            <\/div><div class=\"jkit-meta-comment icon-position-before\">\n                <a href=\"https:\/\/ossp.cm\/en\/ligne-de-credit-30-entreprises-financees\/#respond\" >\n                    <svg aria-hidden=\"true\" class=\"e-font-icon-svg e-fas-comment\" viewbox=\"0 0 512 512\" xmlns=\"http:\/\/www.w3.org\/2000\/svg\"><path d=\"M256 32C114.6 32 0 125.1 0 240c0 49.6 21.4 95 57 130.7C44.5 421.1 2.7 466 2.2 466.5c-2.2 2.3-2.8 5.7-1.5 8.7S4.8 480 8 480c66.3 0 116-31.8 140.6-51.4 32.7 12.3 69 19.4 107.4 19.4 141.4 0 256-93.1 256-208S397.4 32 256 32z\"><\/path><\/svg><span>0<\/span>\n                <\/a>\n            <\/div>\n\t\t\t\t\t\t<\/div><\/div>\n                <\/article>\n        <\/div><\/div><\/div>\t\t\t\t<\/div>\n\t\t\t\t\t<\/div>\n\t\t\t\t<\/div>\n\t\t\t\t<\/div>","protected":false},"excerpt":{"rendered":"<p>LES ENTREPRENEURS \u00e9diter article les entrepreneurs Ligne de cr\u00e9dit \u2013 100 entreprises financ\u00e9es d\u00e9cembre 13, 2025 L\u2019acc\u00e8s au financement demeure un d\u00e9fi majeur pour les PME. OSSP-CMR y a r\u00e9pondu en facilitant l\u2019acc\u00e8s \u00e0 des lignes&#8230; Lire plus 0 \u00e9diter article les entrepreneurs Subventions aux startups et entreprises innovantes (Startups, PME, GIC) \u2013 20 b\u00e9n\u00e9ficiaires [&hellip;]<\/p>\n","protected":false},"author":1,"featured_media":0,"parent":0,"menu_order":0,"comment_status":"closed","ping_status":"closed","template":"","meta":{"footnotes":""},"class_list":["post-897","page","type-page","status-publish","hentry"],"_links":{"self":[{"href":"https:\/\/ossp.cm\/en\/wp-json\/wp\/v2\/pages\/897","targetHints":{"allow":["GET"]}}],"collection":[{"href":"https:\/\/ossp.cm\/en\/wp-json\/wp\/v2\/pages"}],"about":[{"href":"https:\/\/ossp.cm\/en\/wp-json\/wp\/v2\/types\/page"}],"author":[{"embeddable":true,"href":"https:\/\/ossp.cm\/en\/wp-json\/wp\/v2\/users\/1"}],"replies":[{"embeddable":true,"href":"https:\/\/ossp.cm\/en\/wp-json\/wp\/v2\/comments?post=897"}],"version-history":[{"count":11,"href":"https:\/\/ossp.cm\/en\/wp-json\/wp\/v2\/pages\/897\/revisions"}],"predecessor-version":[{"id":2082,"href":"https:\/\/ossp.cm\/en\/wp-json\/wp\/v2\/pages\/897\/revisions\/2082"}],"wp:attachment":[{"href":"https:\/\/ossp.cm\/en\/wp-json\/wp\/v2\/media?parent=897"}],"curies":[{"name":"wp","href":"https:\/\/api.w.org\/{rel}","templated":true}]}}